{"id":431,"date":"2022-04-29T14:29:30","date_gmt":"2022-04-29T14:29:30","guid":{"rendered":"https:\/\/woodhouse.ee\/references\/"},"modified":"2022-07-05T21:00:20","modified_gmt":"2022-07-05T21:00:20","slug":"references","status":"publish","type":"page","link":"https:\/\/woodhouse.ee\/et\/references\/","title":{"rendered":"Objektid"},"content":{"rendered":"\n<p>Eesti ettev\u00f5tetest on saanud globaalsed tegijad, kelle toodangust l\u00e4heb \u00fcle 90% ekspordiks. <\/p>\n\n\n\n<p>Peamised eksportturud on Skandinaavia ja Saksamaa, kuid meie puitmajad on j\u00f5udnud enam kui 70 riiki, mille hulgas on ka Jaapan, L\u00f5una-Aafrika Vabariik ning L\u00f5una-Korea. <\/p>\n","protected":false},"excerpt":{"rendered":"<p>Eesti ettev\u00f5tetest on saanud globaalsed tegijad, kelle toodangust l\u00e4heb \u00fcle 90% ekspordiks. Peamised eksportturud on Skandinaavia ja Saksamaa, kuid meie puitmajad on j\u00f5udnud enam kui 70&#8230;<\/p>\n","protected":false},"author":1,"featured_media":0,"parent":0,"menu_order":0,"comment_status":"closed","ping_status":"closed","template":"template-project-list.php","meta":{"_acf_changed":false,"om_disable_all_campaigns":false,"_monsterinsights_skip_tracking":false,"_monsterinsights_sitenote_active":false,"_monsterinsights_sitenote_note":"","_monsterinsights_sitenote_category":0,"_uf_show_specific_survey":0,"_uf_disable_surveys":false,"footnotes":""},"class_list":["post-431","page","type-page","status-publish","hentry"],"acf":[],"aioseo_notices":[],"_links":{"self":[{"href":"https:\/\/woodhouse.ee\/et\/wp-json\/wp\/v2\/pages\/431","targetHints":{"allow":["GET"]}}],"collection":[{"href":"https:\/\/woodhouse.ee\/et\/wp-json\/wp\/v2\/pages"}],"about":[{"href":"https:\/\/woodhouse.ee\/et\/wp-json\/wp\/v2\/types\/page"}],"author":[{"embeddable":true,"href":"https:\/\/woodhouse.ee\/et\/wp-json\/wp\/v2\/users\/1"}],"replies":[{"embeddable":true,"href":"https:\/\/woodhouse.ee\/et\/wp-json\/wp\/v2\/comments?post=431"}],"version-history":[{"count":3,"href":"https:\/\/woodhouse.ee\/et\/wp-json\/wp\/v2\/pages\/431\/revisions"}],"predecessor-version":[{"id":2645,"href":"https:\/\/woodhouse.ee\/et\/wp-json\/wp\/v2\/pages\/431\/revisions\/2645"}],"wp:attachment":[{"href":"https:\/\/woodhouse.ee\/et\/wp-json\/wp\/v2\/media?parent=431"}],"curies":[{"name":"wp","href":"https:\/\/api.w.org\/{rel}","templated":true}]}}