{"id":424,"date":"2022-04-28T09:00:06","date_gmt":"2022-04-28T09:00:06","guid":{"rendered":"https:\/\/woodhouse.ee\/partners\/"},"modified":"2022-07-07T08:41:45","modified_gmt":"2022-07-07T08:41:45","slug":"partners","status":"publish","type":"page","link":"https:\/\/woodhouse.ee\/et\/partners\/","title":{"rendered":"Woodhouse Estonia liikmed"},"content":{"rendered":"\n<p>Siin lehel on parim valik Eesti puitmajatootjatest ja koost\u00f6\u00f6partneritest, kes kuuluvad Eesti Puitmajaklastrisse ja Puitmajaliitu. <\/p>\n\n\n\n<p>\u2192 Loe l\u00e4hemalt <a href=\"https:\/\/woodhouse.ee\/et\/solution\/masintoodetud-palkmajad\/\">erinevate puitmajat\u00fc\u00fcpide kohta<\/a><\/p>\n","protected":false},"excerpt":{"rendered":"<p>Siin lehel on parim valik Eesti puitmajatootjatest ja koost\u00f6\u00f6partneritest, kes kuuluvad Eesti Puitmajaklastrisse ja Puitmajaliitu. \u2192 Loe l\u00e4hemalt erinevate puitmajat\u00fc\u00fcpide kohta<\/p>\n","protected":false},"author":1,"featured_media":0,"parent":0,"menu_order":0,"comment_status":"closed","ping_status":"closed","template":"template-partner-list.php","meta":{"_acf_changed":false,"om_disable_all_campaigns":false,"_monsterinsights_skip_tracking":false,"_monsterinsights_sitenote_active":false,"_monsterinsights_sitenote_note":"","_monsterinsights_sitenote_category":0,"_uf_show_specific_survey":0,"_uf_disable_surveys":false,"footnotes":""},"class_list":["post-424","page","type-page","status-publish","hentry"],"acf":[],"aioseo_notices":[],"_links":{"self":[{"href":"https:\/\/woodhouse.ee\/et\/wp-json\/wp\/v2\/pages\/424","targetHints":{"allow":["GET"]}}],"collection":[{"href":"https:\/\/woodhouse.ee\/et\/wp-json\/wp\/v2\/pages"}],"about":[{"href":"https:\/\/woodhouse.ee\/et\/wp-json\/wp\/v2\/types\/page"}],"author":[{"embeddable":true,"href":"https:\/\/woodhouse.ee\/et\/wp-json\/wp\/v2\/users\/1"}],"replies":[{"embeddable":true,"href":"https:\/\/woodhouse.ee\/et\/wp-json\/wp\/v2\/comments?post=424"}],"version-history":[{"count":10,"href":"https:\/\/woodhouse.ee\/et\/wp-json\/wp\/v2\/pages\/424\/revisions"}],"predecessor-version":[{"id":2748,"href":"https:\/\/woodhouse.ee\/et\/wp-json\/wp\/v2\/pages\/424\/revisions\/2748"}],"wp:attachment":[{"href":"https:\/\/woodhouse.ee\/et\/wp-json\/wp\/v2\/media?parent=424"}],"curies":[{"name":"wp","href":"https:\/\/api.w.org\/{rel}","templated":true}]}}