{"id":3099,"date":"2022-08-10T18:18:20","date_gmt":"2022-08-10T18:18:20","guid":{"rendered":"https:\/\/woodhouse.ee\/?page_id=3099"},"modified":"2025-07-31T08:22:17","modified_gmt":"2025-07-31T08:22:17","slug":"opivoimalused","status":"publish","type":"page","link":"https:\/\/woodhouse.ee\/et\/puitmaja-akadeemia\/opivoimalused\/","title":{"rendered":"\u00d5piv\u00f5imalused"},"content":{"rendered":"<div class=\"lazyblock-qualification-accordion-eWteY align  wp-block-lazyblock-qualification-accordion\">\n<div class=\"qualification-accordion\">\n\t<div class=\"qualification-accordion__title\">\n\t\tEESTI KUNSTIAKADEEMIA\t<\/div>\n\n    <div class=\"qualification-accordion__accordion\">\n                    <div class=\"ac qualification-accordion__item\">\n\t\t\t\t<div class=\"ac-header ac-trigger\">\n\t\t\t\t\tBakalaureus ja magister\t\t\t\t<\/div>\n\t\t\t\t<div class=\"ac-panel\">\n\t\t\t\t\t<h2><b>Arhitektuur ja linnaplaneerimine<\/b><\/h2>\n<p><span style=\"font-weight: 400;\">Sageli arvatakse, et arhitekt projekteerib \u00fcksnes maju, kuid tegelikult on see vaid v\u00e4ike, olgugi, et silmapaistev osa arhitekti t\u00f6\u00f6st. Arhitektuuri\u00f5pe sisaldab ka inseneri- ja humanitaarteaduste ning erinevate tarkvarade tundma\u00f5ppimist, l\u00f5putut makettide ja protot\u00fc\u00fcpide ehitamist, et luua ja eksperimenteerida uute struktuuride ning maailmade loomisega.<\/span><\/p>\n<p><a href=\"https:\/\/www.artun.ee\/erialad\/arhitektuur-ja-linnaplaneerimine\/eriala\/ulevaade\/\" target=\"_blank\" rel=\"noopener\"><span style=\"font-weight: 400;\">Tutvu erialaga l\u00e4hemalt<\/span><\/a><\/p>\t\t\t\t<\/div>\n\t\t\t<\/div>\n            <\/div>\n<\/div>\n<\/div>\n\n<div class=\"lazyblock-qualification-accordion-Z2mruy0 align  wp-block-lazyblock-qualification-accordion\">\n<div class=\"qualification-accordion\">\n\t<div class=\"qualification-accordion__title\">\n\t\tEESTI MAA\u00dcLIKOOL\t<\/div>\n\n    <div class=\"qualification-accordion__accordion\">\n                    <div class=\"ac qualification-accordion__item\">\n\t\t\t\t<div class=\"ac-header ac-trigger\">\n\t\t\t\t\tBakalaureus ja magister\t\t\t\t<\/div>\n\t\t\t\t<div class=\"ac-panel\">\n\t\t\t\t\t<h2><b>Maaehitus (ehitusinseneri\u00f5pe)<\/b><\/h2>\n<p><span style=\"font-weight: 400;\">Maaehituse \u00f5ppekava valmistab ette magistrikraadiga ehitusinsenere 5-aastases integreeritud magistri\u00f5ppes. \u00d5ppekava l\u00e4binuna omistatakse Sulle vastavalt Kutsekoja kutsestandardile &#8220;Diplomeeritud ehitusinseneri esmakutse&#8221; (EKR 7. tase). Esmakutse on eluaegne ja t\u00f5endab, et \u00f5pitud eriala vastab valdkonna n\u00f5uetele ning lubab ehitusinsenerina t\u00f6\u00f6le asuda.<\/span><\/p>\n<p><a href=\"https:\/\/www.emu.ee\/maaehitus\" target=\"_blank\" rel=\"noopener\"><span style=\"font-weight: 400;\">\u00a0<\/span><span style=\"font-weight: 400;\">Tutvu erialaga l\u00e4hemalt<\/span><\/a><\/p>\t\t\t\t<\/div>\n\t\t\t<\/div>\n            <\/div>\n<\/div>\n<\/div>\n\n<div class=\"lazyblock-qualification-accordion-Z1H82aF align  wp-block-lazyblock-qualification-accordion\">\n<div class=\"qualification-accordion\">\n\t<div class=\"qualification-accordion__title\">\n\t\tTALLINNA TEHNIKAK\u00d5RGKOOL\t<\/div>\n\n    <div class=\"qualification-accordion__accordion\">\n                    <div class=\"ac qualification-accordion__item\">\n\t\t\t\t<div class=\"ac-header ac-trigger\">\n\t\t\t\t\tBakalaureus\t\t\t\t<\/div>\n\t\t\t\t<div class=\"ac-panel\">\n\t\t\t\t\t<h2><b>Rakendusarhitektuur<\/b><\/h2>\n<p><span style=\"font-weight: 400;\">K\u00f5ik, mis \u00fche maja juures ilusat, on arhitektide looming. T\u00e4nap\u00e4eva maailmas on arhitektuur \u00fcha enam digitaliseeruv meeskonnat\u00f6\u00f6 ja b\u00fcrood vajavad hea tehnilise ettevalmistusega konstruktoreid, planeerijaid, tehnikuid ja BIM- (Building Modeling Information) spetsialiste. Kuid samuti on s\u00e4ilinud arhitektuurimaailmas v\u00f5imalus kerkida esile isiksusena.<\/span><\/p>\n<p><a href=\"https:\/\/www.tktk.ee\/sisseastujale\/oppekavad\/arhitektuuriinstituut\/rakendusarhitektuur\/\" target=\"_blank\" rel=\"noopener\"><span style=\"font-weight: 400;\">Tutvu erialaga l\u00e4hemalt<\/span><\/a><\/p>\n<h2><b><br \/>Hoonete ehitus<\/b><\/h2>\n<p><span style=\"font-weight: 400;\">Hoonete ehituse erialal on alati tulevikku, sest maja on inimese kodu. Hoonete ehituse eriala l\u00f5petanud leiavad spetsialistide v\u00f5i juhtidena ehitusvaldkonnas alati t\u00f6\u00f6d, mis pakub l\u00f5putult arenguv\u00f5imalusi ning v\u00e4ljakutseid teha asju, mis j\u00e4\u00e4vad p\u00fcsima.<\/span><\/p>\n<p><a href=\"https:\/\/www.tktk.ee\/sisseastujale\/oppekavad\/ehitusinstituut\/hoonete-ehitus\/\" target=\"_blank\" rel=\"noopener\"><span style=\"font-weight: 400;\">Tutvu erialaga l\u00e4hemalt<\/span><\/a><\/p>\n<h2><span style=\"font-weight: 400;\">\u00a0<br \/><\/span><b>Tootmine ja toomiskorraldus<\/b><\/h2>\n<p><span style=\"font-weight: 400;\">Tootmisspetsialistid aitavad kiirelt arenevas globaalses majanduses s\u00e4ilitada ja arendada Eesti konkurentsiv\u00f5imet. Selleks aga peavad Eesti ettev\u00f5tted pidevalt kaasas k\u00e4ima muutustega, mist\u00f5ttu valitseb meil suur n\u00f5udlus spetsialistide j\u00e4rele, kes oskaksid tootmist efektiivselt juhtida ja korraldada.<\/span><\/p>\n<p><a href=\"https:\/\/www.tktk.ee\/sisseastujale\/oppekavad\/tehnoloogia-ja-ringmajanduse-instituut\/tootmine-ja-tootmiskorraldus\/\" target=\"_blank\" rel=\"noopener\"><span style=\"font-weight: 400;\">Tutvu erialaga l\u00e4hemalt<\/span><\/a><\/p>\t\t\t\t<\/div>\n\t\t\t<\/div>\n            <\/div>\n<\/div>\n<\/div>\n\n<div class=\"lazyblock-qualification-accordion-86Izl align  wp-block-lazyblock-qualification-accordion\">\n<div class=\"qualification-accordion\">\n\t<div class=\"qualification-accordion__title\">\n\t\tTALLINNA TEHNIKA\u00dcLIKOOL\t<\/div>\n\n    <div class=\"qualification-accordion__accordion\">\n                    <div class=\"ac qualification-accordion__item\">\n\t\t\t\t<div class=\"ac-header ac-trigger\">\n\t\t\t\t\tBakalaureus\t\t\t\t<\/div>\n\t\t\t\t<div class=\"ac-panel\">\n\t\t\t\t\t<h2>Hoonete sisekliima ja veetehnika<\/h2>\n<p><span style=\"font-weight: 400;\">Koos \u00fcldiste insenerioskuste omandamisega saad oskused, kuidas kavandada hea sisekliimaga energiat\u00f5husaid hooneid oskuslikult ehitatud ja hooldatud k\u00fctte-, ventilatsiooni- ning jahutuss\u00fcsteemidega. Hoone tehnos\u00fcsteemide ja energiat\u00f5hususe arendamine on \u00fcks ehitussektori kiiremini arenevaid valdkondi.<\/span><\/p>\n<p><span style=\"font-weight: 400;\"><a href=\"https:\/\/taltech.ee\/sisekliima-vesi\" target=\"_blank\" rel=\"noopener\">Tutvu erialaga l\u00e4hemalt<\/a>\u00a0<br \/><br \/><\/span><\/p>\n<h2><b>Ehitiste projekteerimine ja ehitusjuhtimine (Tallinn, Tartu)<\/b><\/h2>\n<p><span style=\"font-weight: 400;\">Ehitus on maailma suurim majandusharu ja ehitusinseneri valikute m\u00f5ju loodusele on m\u00e4rkimisv\u00e4\u00e4rne. Ehitatud keskkonna kujundamine on vastutusrikas t\u00f6\u00f6, kuna hooned peavad olema vastupidavad ning ehitatud loodusressursse m\u00f5ttetult raiskamata. Eesti vajab rohelise m\u00f5tteviisiga insenere.<\/span><\/p>\n<p><a href=\"https:\/\/taltech.ee\/projekteerimine-juhtimine\" target=\"_blank\" rel=\"noopener\"><span style=\"font-weight: 400;\">Tutvu erialaga l\u00e4hemalt<\/span><\/a><br \/><br \/><\/p>\n<h2><b>Arhitektuur<\/b><\/h2>\n<p><span style=\"font-weight: 400;\">Arhitektid t\u00f6\u00f6tavad koost\u00f6\u00f6s inseneride, linnaplaneerijate, kunstnike, ehitajate, ajaloolaste, majandusteadlaste, loodusteaduste ja \u00f5iguse valdkonna ekspertidega. Tallinna Tehnika\u00fclikooli arhitektuuri\u00f5pe p\u00f6\u00f6rab v\u00f5rdselt t\u00e4helepanu nii loomingulisusele kui tugevatele praktilistele oskustele. \u00d5pingud koonduvad kolme arhitektuurse ja planeeringulise stuudio ja meistriklassi mooduli \u00fcmber. Nende raames teed praktiseerivate arhitektide juhendamisel mitmeid praktilisi t\u00f6id, kus saad teoorias \u00f5pitut ellu rakendada.<\/span><\/p>\n<p><a href=\"https:\/\/taltech.ee\/arhitektuur\" target=\"_blank\" rel=\"noopener\"><span style=\"font-weight: 400;\">Tutvu erialaga l\u00e4hemalt<\/span><\/a><br \/><br \/><\/p>\n<h2><b>Materjalitehnoloogia<\/b><\/h2>\n<p><span style=\"font-weight: 400;\">Kolmeaastase \u00f5ppe v\u00e4ltel saad \u00fclevaate kaasaegse elukeskkonna p\u00f5hilistest materjalidest ja nende tehnoloogiatest. Omandad teadmised, kuidas materjale 21. sajandil rakendada, millised on nende valmistamise ja t\u00f6\u00f6tlemise v\u00f5tted ning millisel viisil neid materjale keskkonda s\u00e4\u00e4stvalt kasutada. Lisaks annab \u00f5ppekava ka ettevalmistuse tootearendusprojektide l\u00e4biviimiseks, tootmise kavandamiseks ja keskkonnaprobleemide ennetamiseks.<\/span><\/p>\n<p><a href=\"https:\/\/taltech.ee\/materjalitehnoloogia\" target=\"_blank\" rel=\"noopener\"><span style=\"font-weight: 400;\">Tutvu erialaga l\u00e4hemalt<\/span><\/a><\/p>\t\t\t\t<\/div>\n\t\t\t<\/div>\n                    <div class=\"ac qualification-accordion__item\">\n\t\t\t\t<div class=\"ac-header ac-trigger\">\n\t\t\t\t\tMagister\t\t\t\t<\/div>\n\t\t\t\t<div class=\"ac-panel\">\n\t\t\t\t\t<h2>Hooned ja rajatised<\/h2>\n<p>Ehitus on majandusharu, kus insenerim\u00f5te ja \u2013ettevalmistus omavad eriti olulist t\u00e4hendust. Laiap\u00f5hjaliste teadmiste ja praktilise ettevalmistusega insener on suuteline leidma lahendusi ka ebastandardsetes olukordades, mis sageli iseloomustavad t\u00e4nap\u00e4evaste keerukate ehitusprotsesside kulgemist.<\/p>\n<p>\u00d5ppet\u00f6\u00f6s kasutame tipptasemel simulatsioonitarkvarasid, laboreid ja katsemajasid \u2013 need k\u00f5ik on TalTechi linnakus sind ootamas. \u00d5pid t\u00f6\u00f6tama FEM, CAD, BIM, ehitusf\u00fc\u00fcsika- ja energiasimulatsioonitarkvaradega, mille valdamine on ehitusinseneri elementaarne kirjaoskus. Suurem\u00f5\u00f5tmelisi konstruktsioone katsetad M\u00e4epealse katselaboris, liginullenergiahoonete tehniliste lahendustega tutvud ja teed m\u00f5\u00f5tmisi liginullenergia testhoones.<\/p>\n<p><a href=\"https:\/\/taltech.ee\/hooned-ja-rajatised\" target=\"_blank\" rel=\"noopener\">Tutvu erialaga l\u00e4hemalt<\/a><br \/><br \/><\/p>\n<h2>Tootearendus ja tootmistehnika<\/h2>\n<p>\u00d5ppe jooksul l\u00e4bid j\u00e4rgmised olulised erialaained, mis loovad sulle tugeva vundamendi: optimeerimismeetodid, X- keskne projekteerimine, tootmistehnoloogiad, tootmise planeerimine ja juhtimine, raalintegreeritud tootmine, materjalitehnika, kvaliteedijuhtimine, mehhatroonikas\u00fcsteemid, t\u00f6\u00f6stusautomaatika ja elektriajamid. Ole valmis osasid \u00f5ppeaineid l\u00e4bima inglise keeles.<\/p>\n<p><a href=\"https:\/\/taltech.ee\/tootearendus-ja-tootmistehnika\" target=\"_blank\" rel=\"noopener\">Tutvu erialaga l\u00e4hemalt<\/a><\/p>\t\t\t\t<\/div>\n\t\t\t<\/div>\n            <\/div>\n<\/div>\n<\/div>\n\n<div class=\"lazyblock-qualification-accordion-Z1iwQ3C align  wp-block-lazyblock-qualification-accordion\">\n<div class=\"qualification-accordion\">\n\t<div class=\"qualification-accordion__title\">\n\t\tHIIUMAA AMETIKOOL\t<\/div>\n\n    <div class=\"qualification-accordion__accordion\">\n                    <div class=\"ac qualification-accordion__item\">\n\t\t\t\t<div class=\"ac-header ac-trigger\">\n\t\t\t\t\tKutseharidus\t\t\t\t<\/div>\n\t\t\t\t<div class=\"ac-panel\">\n\t\t\t\t\t<h2><b>Palkmajaehitaja<\/b><\/h2>\n<p><span style=\"font-weight: 400;\">\u00d5ppija omandab puithoonete ehitamise\/tootmise planeerimiseks ja korraldamiseks ning protsesside efektiivseks ja ohutuks juhtimiseks vajalikud teadmised ja oskused.<\/span><\/p>\n<p><a href=\"https:\/\/drive.google.com\/file\/d\/12_V1QOaUABsvwGMeqX_7XfATF0b4H-Ux\/view\" target=\"_blank\" rel=\"noopener\"><span style=\"font-weight: 400;\"><b>T<\/b><\/span><span style=\"font-weight: 400;\">utvu erialaga l\u00e4hemalt<\/span><\/a><\/p>\t\t\t\t<\/div>\n\t\t\t<\/div>\n            <\/div>\n<\/div>\n<\/div>\n\n<div class=\"lazyblock-qualification-accordion-ZBjGTJ align  wp-block-lazyblock-qualification-accordion\">\n<div class=\"qualification-accordion\">\n\t<div class=\"qualification-accordion__title\">\n\t\tIDA-VIRUMAA KUTSEHARIDUSKESKUS \t<\/div>\n\n    <div class=\"qualification-accordion__accordion\">\n                    <div class=\"ac qualification-accordion__item\">\n\t\t\t\t<div class=\"ac-header ac-trigger\">\n\t\t\t\t\tKutsekeskharidus\t\t\t\t<\/div>\n\t\t\t\t<div class=\"ac-panel\">\n\t\t\t\t\t<h2><b>Puitkonstruktsioonide ehitus<\/b><\/h2>\n<p>\u00d5ppekava l\u00e4binu ehitab kvaliteedin\u00f5uete kohaselt ehitiste puitmaterjalist kande- ja piirdekonstruktsioone ning paigaldab sise- ja v\u00e4liselemente (uksed, aknad, trepid jne), j\u00e4rgides projektdokumentatsiooni, asjakohaseid t\u00f6\u00f6juhiseid ja t\u00f6\u00f6de tehnoloogiat<\/p>\n<p>\u00d5ppekava l\u00e4bimisel sooritab \u00f5ppija 4. taseme kutseeksami (kutsestandard: <a href=\"https:\/\/www.kutseregister.ee\/ctrl\/et\/Standardid\/vaata\/10994971\" target=\"_blank\" rel=\"noopener\">Ehituspuusepp, tase 4 esmane kutse<\/a>).<\/p>\n<p>Juhul, kui kutseeksami sooritamine eba\u00f5nnestub, on \u00f5pilasel \u00f5igus sooritada \u00f5pingute l\u00f5petamiseks erialane kooli l\u00f5pueksam.\u00a0<\/p>\n<p><a href=\"https:\/\/kutsehariduskeskus.ee\/tehnika-ja-tehnoloogia\/\">Tutvu erialaga l\u00e4hemalt<\/a><\/p>\t\t\t\t<\/div>\n\t\t\t<\/div>\n            <\/div>\n<\/div>\n<\/div>\n\n<div class=\"lazyblock-qualification-accordion-1oduwY align  wp-block-lazyblock-qualification-accordion\">\n<div class=\"qualification-accordion\">\n\t<div class=\"qualification-accordion__title\">\n\t\tJ\u00c4RVAMAA KUTSEHARIDUSKESKUS \t<\/div>\n\n    <div class=\"qualification-accordion__accordion\">\n                    <div class=\"ac qualification-accordion__item\">\n\t\t\t\t<div class=\"ac-header ac-trigger\">\n\t\t\t\t\tKutsekeskharidus\t\t\t\t<\/div>\n\t\t\t\t<div class=\"ac-panel\">\n\t\t\t\t\t<h2><b>Ehitustehnoloogiad<\/b><\/h2>\n<p>\u00d5ppekavar\u00fchm: Ehitus ja tsiviilrajatised, v\u00f5imalusega spetsialiseeruda puitkonstruktsioonide ehitusele.<\/p>\n<p>Ehitusvaldkond on ajalooliselt olnud \u00fchiskonnale vajalik. T\u00f6\u00f6d j\u00e4tkub ka tulevikus, sest head ehitajad on alati hinnas!<br \/>\u00d5ppekava eesm\u00e4rgiks on pakkuda kvaliteetset kutsekeskharidust ja paindlikku \u00f5ppijav\u00f5imetele vastavaid eriala\u00f5pinguid.\u00a0<br \/>\u00d5ppekava on jaotatud \u00fchis- ja eriala\u00f5pinguteks.<br \/>Spetsialiseerumise valikud on:\u00a0<strong>ehitusviimistleja, kivi-ja betoonkonstruktsioonide ehitaja ning puitkonstruktsioonide ehitaja.<\/strong><br \/>Viimasel neljandal \u00f5ppeaastal on v\u00f5imalus ettevalmistuda \u00f5pinguteks k\u00f5rgkooliks, laiendada silmaringi v\u00e4lispraktikal.<\/p>\n<p>Tutvu erialaga l\u00e4hemalt<\/p>\t\t\t\t<\/div>\n\t\t\t<\/div>\n            <\/div>\n<\/div>\n<\/div>\n\n<div class=\"lazyblock-qualification-accordion-1yjKqo align  wp-block-lazyblock-qualification-accordion\">\n<div class=\"qualification-accordion\">\n\t<div class=\"qualification-accordion__title\">\n\t\tP\u00c4RNUMAA KUTSEHARIDUSKESKUS\t<\/div>\n\n    <div class=\"qualification-accordion__accordion\">\n                    <div class=\"ac qualification-accordion__item\">\n\t\t\t\t<div class=\"ac-header ac-trigger\">\n\t\t\t\t\tKutsekeskharidus\t\t\t\t<\/div>\n\t\t\t\t<div class=\"ac-panel\">\n\t\t\t\t\t<h2><b>Puitkonstruktsioonide ehitus<\/b><\/h2>\n<p><span style=\"font-weight: 400;\">\u00d5ppekava koostamise aluseks on ehituserialade riiklik \u00f5ppekava, mille l\u00e4bimisel \u00f5pilane v\u00e4\u00e4rtustab valitud kutset ja eriala; on kursis omandatud kutse arengusuundadega; ehitab ja paigaldab kvaliteedin\u00f5uete kohaselt puitmaterjalist kande- ja kattekonstruktsioone ning sise- ja v\u00e4liselemente (uksed, aknad, trepid jne); ehitab ja p\u00fcstitab juhendamisel t\u00f6\u00f6stuslikult valmistatud detailidest ja\/v\u00f5i moodulitest puitmaju; j\u00e4rgib t\u00f6\u00f6 kavandamisel, ettevalmistamisel, kestel ja t\u00f6\u00f6koha korrastamisel energiat\u00f5husa ehitamise p\u00f5him\u00f5tteid ning t\u00f6\u00f6tervishoiu, t\u00f6\u00f6- ja keskkonnaohutusn\u00f5udeid.<\/span><\/p>\n<p><a href=\"https:\/\/www.hariduskeskus.ee\/index.php\/sisseastujale-pea-2\/eriala-valik\/kutsekeskharidusope-4\/106-puitkonstruktsioonide-ehitus\" target=\"_blank\" rel=\"noopener\"><span style=\"font-weight: 400;\">Tutvu erialaga l\u00e4hemalt<\/span><\/a><\/p>\t\t\t\t<\/div>\n\t\t\t<\/div>\n            <\/div>\n<\/div>\n<\/div>\n\n<div class=\"lazyblock-qualification-accordion-FhajK align  wp-block-lazyblock-qualification-accordion\">\n<div class=\"qualification-accordion\">\n\t<div class=\"qualification-accordion__title\">\n\t\tRAKVERE AMETIKOOL\t<\/div>\n\n    <div class=\"qualification-accordion__accordion\">\n                    <div class=\"ac qualification-accordion__item\">\n\t\t\t\t<div class=\"ac-header ac-trigger\">\n\t\t\t\t\tKutseharidus\t\t\t\t<\/div>\n\t\t\t\t<div class=\"ac-panel\">\n\t\t\t\t\t<h2><b>Puitkonstruktsioonide ehitus<\/b><\/h2>\n<p><span style=\"font-weight: 400;\">Erialal \u00f5pitakse puitmaju ehitama; puitmaterjalist kande- ja kattekonstruktsioone ning sise- ja v\u00e4liselemente valmistama ja paigaldama; materjalide tootjate poolt ette n\u00e4htud tehnoloogiaid ja ette antud kvaliteedin\u00f5udeid tundma.<\/span><\/p>\n<p><span style=\"font-weight: 400;\"><a href=\"https:\/\/www.rak.ee\/et\/sisseastumine\/erialad\/ehitus\/puitkonstruktsioonide-ehitus\" target=\"_blank\" rel=\"noopener\">Tutvu erialaga l\u00e4hemalt<\/a><\/span><\/p>\t\t\t\t<\/div>\n\t\t\t<\/div>\n            <\/div>\n<\/div>\n<\/div>\n\n<div class=\"lazyblock-qualification-accordion-ZKHBfi align  wp-block-lazyblock-qualification-accordion\">\n<div class=\"qualification-accordion\">\n\t<div class=\"qualification-accordion__title\">\n\t\tTALLINNA EHITUSKOOL\t<\/div>\n\n    <div class=\"qualification-accordion__accordion\">\n                    <div class=\"ac qualification-accordion__item\">\n\t\t\t\t<div class=\"ac-header ac-trigger\">\n\t\t\t\t\tKutseharidus\t\t\t\t<\/div>\n\t\t\t\t<div class=\"ac-panel\">\n\t\t\t\t\t<h2><b>Ehituspuusepp<\/b><\/h2>\n<p><span style=\"font-weight: 400;\"><a href=\"https:\/\/www.ehituskool.ee\/et\/sisseastumine\/Erialad-ja-vastuvott\" target=\"_blank\" rel=\"noopener\">Tutvu erialaga l\u00e4hemalt<\/a><\/span><b>\u00a0 \u00a0 \u00a0<br \/><\/b><\/p>\t\t\t\t<\/div>\n\t\t\t<\/div>\n                    <div class=\"ac qualification-accordion__item\">\n\t\t\t\t<div class=\"ac-header ac-trigger\">\n\t\t\t\t\tKutsekeskharidus\t\t\t\t<\/div>\n\t\t\t\t<div class=\"ac-panel\">\n\t\t\t\t\t<h2><b>Puitkonstruktsioonide ehitus<\/b><\/h2>\n<p><a href=\"https:\/\/www.ehituskool.ee\/et\/sisseastumine\/Erialad-ja-vastuvott\" target=\"_blank\" rel=\"noopener\"><span style=\"font-weight: 400;\">Tutvu erialaga l\u00e4hemalt<\/span><\/a><\/p>\t\t\t\t<\/div>\n\t\t\t<\/div>\n            <\/div>\n<\/div>\n<\/div>\n\n<div class=\"lazyblock-qualification-accordion-ZT9Koe align  wp-block-lazyblock-qualification-accordion\">\n<div class=\"qualification-accordion\">\n\t<div class=\"qualification-accordion__title\">\n\t\tVILJANDI KUTSE\u00d5PPEKESKUS\t<\/div>\n\n    <div class=\"qualification-accordion__accordion\">\n                    <div class=\"ac qualification-accordion__item\">\n\t\t\t\t<div class=\"ac-header ac-trigger\">\n\t\t\t\t\tKutseharidus\t\t\t\t<\/div>\n\t\t\t\t<div class=\"ac-panel\">\n\t\t\t\t\t<h2>Puitkonstruktsioonide ehitus<\/h2>\n<p>Puitkonstruktsioonide ehitaja ehk ehituspuusepp ehitab ja paigaldab kvaliteedin\u00f5uete kohaselt puitmaterjalist kande- ja kattekonstruktsioone ning sise- ja v\u00e4liselemente (uksed, aknad, trepid jne); ehitab ja p\u00fcstitab juhendamisel t\u00f6\u00f6stuslikult valmistatud detailidest ja\/v\u00f5i moodulitest puitmaju; j\u00e4rgib t\u00f6\u00f6 kavandamisel, ettevalmistamisel, kestel ja t\u00f6\u00f6koha korrastamisel energiat\u00f5husa ehitamise p\u00f5him\u00f5tteid ning t\u00f6\u00f6tervishoiu, t\u00f6\u00f6- ja keskkonnaohutusn\u00f5udeid.<\/p>\n<p><a href=\"https:\/\/www.vikk.ee\/et\/tule-opi\/erialad\/ehitusope\/puitkonstruktsioonide-ehitus-3\" target=\"_blank\" rel=\"noopener\"><span style=\"font-weight: 400;\">Tutvu erialaga l\u00e4hemalt<\/span><\/a><\/p>\t\t\t\t<\/div>\n\t\t\t<\/div>\n                    <div class=\"ac qualification-accordion__item\">\n\t\t\t\t<div class=\"ac-header ac-trigger\">\n\t\t\t\t\tKutsekeskharidus\t\t\t\t<\/div>\n\t\t\t\t<div class=\"ac-panel\">\n\t\t\t\t\t<h2>Puitkonstruktsioonide ehitus<\/h2>\n<p>Puitkonstruktsioonide ehitaja ehk ehituspuusepp ehitab ja paigaldab kvaliteedin\u00f5uete kohaselt puitmaterjalist kande- ja kattekonstruktsioone ning sise- ja v\u00e4liselemente (uksed, aknad, trepid jne); ehitab ja p\u00fcstitab juhendamisel t\u00f6\u00f6stuslikult valmistatud detailidest ja\/v\u00f5i moodulitest puitmaju; j\u00e4rgib t\u00f6\u00f6 kavandamisel, ettevalmistamisel, kestel ja t\u00f6\u00f6koha korrastamisel energiat\u00f5husa ehitamise p\u00f5him\u00f5tteid ning t\u00f6\u00f6tervishoiu, t\u00f6\u00f6- ja keskkonnaohutusn\u00f5udeid.<\/p>\n<p><a href=\"https:\/\/www.vikk.ee\/et\/tule-opi\/erialad\/ehitusope\/puitkonstruktsioonide-ehitus-3\" target=\"_blank\" rel=\"noopener\"><span style=\"font-weight: 400;\">Tutvu erialaga l\u00e4hemalt<\/span><\/a><\/p>\t\t\t\t<\/div>\n\t\t\t<\/div>\n            <\/div>\n<\/div>\n<\/div>\n\n<div class=\"lazyblock-qualification-accordion-1VsCss align  wp-block-lazyblock-qualification-accordion\">\n<div class=\"qualification-accordion\">\n\t<div class=\"qualification-accordion__title\">\n\t\tV\u00d5RUMAA HARIDUS- JA TEHNOLOOGIAKESKUS \t<\/div>\n\n    <div class=\"qualification-accordion__accordion\">\n                    <div class=\"ac qualification-accordion__item\">\n\t\t\t\t<div class=\"ac-header ac-trigger\">\n\t\t\t\t\tKutseharidus\t\t\t\t<\/div>\n\t\t\t\t<div class=\"ac-panel\">\n\t\t\t\t\t<h2><b>Ehituspuusepp<\/b><\/h2>\n<p>Ehituspuusepp on oskust\u00f6\u00f6line, kes t\u00f6\u00f6tab ehitus- v\u00f5i kinnisvara korrashoiu ettev\u00f5ttes v\u00f5i puitkonstruktsioonide t\u00f6\u00f6stusliku valmistamisega tegelevas ettev\u00f5ttes.<\/p>\n<p>Ehituspuusepa peamised t\u00f6\u00f6\u00fclesanded on puidust konstruktsioonielementide ja ehitusdetailide valmistamine ja monteerimine, puitkonstruktsioonidest seinte, vahelagede ja katuste ehitamine ning soojustamine, puitkonstruktsioonide taastamine ja \u00fcmberehitamine, katusekatete paigaldamine, uste, akende ja treppide ning teiste sise- ja v\u00e4liselementide paigaldamine.<\/p>\n<p><a href=\"https:\/\/www.ewers.ee\/et\/sisseastumine\/erialad\/ehitus\/ehituspuusepp\">Tutvu erialaga l\u00e4hemalt<\/a><\/p>\t\t\t\t<\/div>\n\t\t\t<\/div>\n            <\/div>\n<\/div>\n<\/div>","protected":false},"excerpt":{"rendered":"","protected":false},"author":1,"featured_media":0,"parent":2536,"menu_order":1,"comment_status":"closed","ping_status":"closed","template":"template-research-paper.php","meta":{"_acf_changed":false,"om_disable_all_campaigns":false,"_monsterinsights_skip_tracking":false,"_monsterinsights_sitenote_active":false,"_monsterinsights_sitenote_note":"","_monsterinsights_sitenote_category":0,"_uf_show_specific_survey":0,"_uf_disable_surveys":false,"footnotes":""},"class_list":["post-3099","page","type-page","status-publish","hentry"],"acf":[],"aioseo_notices":[],"_links":{"self":[{"href":"https:\/\/woodhouse.ee\/et\/wp-json\/wp\/v2\/pages\/3099","targetHints":{"allow":["GET"]}}],"collection":[{"href":"https:\/\/woodhouse.ee\/et\/wp-json\/wp\/v2\/pages"}],"about":[{"href":"https:\/\/woodhouse.ee\/et\/wp-json\/wp\/v2\/types\/page"}],"author":[{"embeddable":true,"href":"https:\/\/woodhouse.ee\/et\/wp-json\/wp\/v2\/users\/1"}],"replies":[{"embeddable":true,"href":"https:\/\/woodhouse.ee\/et\/wp-json\/wp\/v2\/comments?post=3099"}],"version-history":[{"count":25,"href":"https:\/\/woodhouse.ee\/et\/wp-json\/wp\/v2\/pages\/3099\/revisions"}],"predecessor-version":[{"id":7262,"href":"https:\/\/woodhouse.ee\/et\/wp-json\/wp\/v2\/pages\/3099\/revisions\/7262"}],"up":[{"embeddable":true,"href":"https:\/\/woodhouse.ee\/et\/wp-json\/wp\/v2\/pages\/2536"}],"wp:attachment":[{"href":"https:\/\/woodhouse.ee\/et\/wp-json\/wp\/v2\/media?parent=3099"}],"curies":[{"name":"wp","href":"https:\/\/api.w.org\/{rel}","templated":true}]}}