{"id":2546,"date":"2022-07-04T12:12:22","date_gmt":"2022-07-04T12:12:22","guid":{"rendered":"https:\/\/woodhouse.ee\/?page_id=2546"},"modified":"2025-06-17T10:20:01","modified_gmt":"2025-06-17T10:20:01","slug":"teadustoo-konkurss","status":"publish","type":"page","link":"https:\/\/woodhouse.ee\/et\/puitmaja-akadeemia\/teadustoo-konkurss\/","title":{"rendered":"Teadust\u00f6\u00f6 konkurss"},"content":{"rendered":"\n<figure class=\"wp-block-image size-large is-resized is-style-default\"><img loading=\"lazy\" decoding=\"async\" width=\"1160\" height=\"1741\" src=\"https:\/\/woodhouse.ee\/wp-content\/uploads\/2022\/07\/Tauri-Udras_Roland-Rokka_2020_Hiiumaa-edited.jpg\" alt=\"\" class=\"wp-image-2752\" style=\"width:515px\" srcset=\"https:\/\/woodhouse.ee\/wp-content\/uploads\/2022\/07\/Tauri-Udras_Roland-Rokka_2020_Hiiumaa-edited.jpg 1160w, https:\/\/woodhouse.ee\/wp-content\/uploads\/2022\/07\/Tauri-Udras_Roland-Rokka_2020_Hiiumaa-edited-200x300.jpg 200w, https:\/\/woodhouse.ee\/wp-content\/uploads\/2022\/07\/Tauri-Udras_Roland-Rokka_2020_Hiiumaa-edited-682x1024.jpg 682w, https:\/\/woodhouse.ee\/wp-content\/uploads\/2022\/07\/Tauri-Udras_Roland-Rokka_2020_Hiiumaa-edited-768x1153.jpg 768w, https:\/\/woodhouse.ee\/wp-content\/uploads\/2022\/07\/Tauri-Udras_Roland-Rokka_2020_Hiiumaa-edited-1023x1536.jpg 1023w\" sizes=\"auto, (max-width: 1160px) 100vw, 1160px\" \/><figcaption class=\"wp-element-caption\">2020 l\u00f5put\u00f6\u00f6 konkursi v\u00f5itjad president Kersti Kaljulaidiga. Foto: Eesti Puitmajaliit<\/figcaption><\/figure>\n\n\n\n<h3 class=\"wp-block-heading\">Eesti Puitmajaliit korraldab igal aastal puidust tehasemaja valdkonna parima l\u00f5put\u00f6\u00f6 konkurssi!<\/h3>\n\n\n\n<p><strong>Alanud on 2025.a konkursi preemiatele kandideerimine!<\/strong><\/p>\n\n\n\n<p>Edendamaks tehasemaja tootmist toetavat teadus- ja arendustegevust ja motiveerimaks \u00fcli\u00f5pilasi tegema sektori arengut toetavaid teadust\u00f6id, antakse v\u00e4lja kolm preemiat v\u00e4\u00e4rtusega 1000, 500 ja 250 eurot. Preemiafondist 250 eurot jaguneb lisaks ka parima l\u00f5put\u00f6\u00f6 juhendaja(te) vahel.<\/p>\n\n\n\n<p>Preemiale v\u00f5ivad kandideerida Eesti <strong>k\u00f5ikide k\u00f5rgkoolide tudengid<\/strong>, kelle bakalaureuse-, magistri- v\u00f5i rakendusk\u00f5rghariduse\u00f5ppe l\u00f5put\u00f6\u00f6 k\u00e4sitleb kas tehasemaja tootmise, arendamise, turundamise vm seonduva valdkonna aktuaalse probleemi lahendust; v\u00f5i kelle t\u00f6\u00f6 annab olulist lisandv\u00e4\u00e4rtust Eesti puitmajasektorile.<\/p>\n\n\n\n<p>Komisjon, kuhu kuuluvad EPMLi juhatuse poolt m\u00e4\u00e4ratud isikud, hindab preemiate jagamisel eelk\u00f5ige t\u00f6\u00f6 sidusust puitmajaehituse sektoriga, uurimusvaldkonna uudsust, teema m\u00f5jukust ja rakenduslikkust ning diplomit\u00f6\u00f6 panust puitehituse sektori arengule kaasaaitamisel.<\/p>\n\n\n\n<p>2025.a konkursi kandideerimistingimused ja statuut on leitav &#8220;osalemistingimuste&#8221; alt. <\/p>\n\n\n\n<p>Tehasemaja valdkonna arengusse panustavate teadust\u00f6\u00f6de autorite tunnustamist alustati 2015.aastal. <\/p>\n\n\n<div class=\"lazyblock-research-paper-info-Z1IierI align  wp-block-lazyblock-research-paper-info\">\n<section class=\"research-paper-info\">\n\t\t<div class=\"research-paper-info__terms\">\n\t\t<h3>Osalemistingimused<\/h3>\n\t\t<a href=\"https:\/\/woodhouse.ee\/wp-content\/uploads\/2025\/06\/Teadustoo-konkurss-2025_EPML_statuut.pdf\" class=\"btn btn--dark btn--dark-small\">\n\t\t\tTeadust\u00f6\u00f6 konkurss 2025 &#8211; statuut\t\t<\/a>\n\t<\/div>\n\t\t\n\t\t\t<div class=\"research-paper-info__info\">\n\t\t\t<h3>Lisainfo<\/h3>\n\t\t\t\t\t\t\t<div>Eesti Puitmajaliit MT\u00dc<\/div>\n\t\t\t\t\t\t\t\t\t\t<a href=\"info@woodhouse.ee\">\n\t\t\t\t\tinfo@woodhouse.ee\t\t\t\t<\/a>\n\t\t\t\t\t<\/div>\n\t<\/section>\n<\/div>\n\n<div class=\"lazyblock-featured-research-papers-Z2buxEh align  wp-block-lazyblock-featured-research-papers\">\n<section class=\"featured-research\">\n\t<h3 class=\"featured-research__title\">Teadust\u00f6\u00f6 konkurss 2024 v\u00f5itjad<\/h3>\n\n\t<div class=\"featured-research__list\">\n\t\t\n<article class=\"research-paper research-paper--first\">\n\t<div class=\"research-paper__content\">\n\t\t\n\t\t<div class=\"research-paper__date\">\n\t\t\tI preemia\t\t\n\t\t<\/div>\n\t\t\n\t\t\t\t\t<div class=\"research-paper__author\">Joosep Viik &#8211; KMT Prefab eripreemia<\/div>\n\t\t\t\t\n\t\t<h2 class=\"research-paper__title\">\u201eEesti korterelamute renoveerimise teadmusp\u00f5hine konfigureerimiseksperts\u00fcsteem (TeKES)\u201c<\/h2>\n\n\t\t\t\t\t<div class=\"research-paper__pdf\"><a href=\"https:\/\/woodhouse.ee\/wp-content\/uploads\/2024\/08\/Viik_Joosep_MA_EESTI-KORTERELAMUTE-RENOVEERIMISE-TEADMUSPOHINE-KONFIGUREERIMISEKSPERTSUSTEEM-TeKES.pdf\" target=\"_blank\" class=\"btn btn--dark btn--dark-small\" rel=\"noreferrer noopener\">Laadi alla PDF<\/a><\/div>\n\t\t\t\t\n\t\t\n\t<\/div>\n<\/article>\n\n<article class=\"research-paper research-paper--second\">\n\t<div class=\"research-paper__content\">\n\t\t\n\t\t<div class=\"research-paper__date\">\n\t\t\tII preemia\t\t\n\t\t<\/div>\n\t\t\n\t\t\t\t\t<div class=\"research-paper__author\">T\u00f5nu Saarelaan<\/div>\n\t\t\t\t\n\t\t<h2 class=\"research-paper__title\">\u201eTugevus- ja j\u00e4ikusomaduste hindamine konstruktsioonipuidu taaskasutamisel\u201d<\/h2>\n\n\t\t\t\t\t<div class=\"research-paper__pdf\"><a href=\"https:\/\/woodhouse.ee\/wp-content\/uploads\/2024\/08\/Saarelaan_Tonu_MA_TUGEVUS-JA-JAIKUSOMADUSTE-HINDAMINE.pdf\" target=\"_blank\" class=\"btn btn--dark btn--dark-small\" rel=\"noreferrer noopener\">Laadi alla PDF<\/a><\/div>\n\t\t\t\t\n\t\t\n\t<\/div>\n<\/article>\n\n<article class=\"research-paper research-paper--third\">\n\t<div class=\"research-paper__content\">\n\t\t\n\t\t<div class=\"research-paper__date\">\n\t\t\tIII preemia\t\t\n\t\t<\/div>\n\t\t\n\t\t\t\t\t<div class=\"research-paper__author\">Mihkel H\u00f5lpus<\/div>\n\t\t\t\t\n\t\t<h2 class=\"research-paper__title\">\u201eS\u00f5rmj\u00e4tkatud ehitusliku t\u00e4ispuidu k\u00e4itumine tulekahjuolukorras\u201c<\/h2>\n\n\t\t\t\t\n\t\t\n\t<\/div>\n<\/article>\n\t<\/div>\n\n\t\t\t<div class=\"featured-research__cta-wrapper\">\n\t\t\t<a href=\"https:\/\/woodhouse.ee\/et\/category\/teadustood\/#\/\" class=\"btn btn--dark btn--dark-small\">Vaata k\u00f5iki teadust\u00f6id<\/a>\n\t\t<\/div>\n\t<\/section>\n<\/div>","protected":false},"excerpt":{"rendered":"<p>Eesti Puitmajaliit korraldab igal aastal puidust tehasemaja valdkonna parima l\u00f5put\u00f6\u00f6 konkurssi! Alanud on 2025.a konkursi preemiatele kandideerimine! Edendamaks tehasemaja tootmist toetavat teadus- ja arendustegevust ja motiveerimaks&#8230;<\/p>\n","protected":false},"author":1,"featured_media":2931,"parent":2536,"menu_order":0,"comment_status":"closed","ping_status":"closed","template":"template-research-paper.php","meta":{"_acf_changed":false,"om_disable_all_campaigns":false,"_monsterinsights_skip_tracking":false,"_monsterinsights_sitenote_active":false,"_monsterinsights_sitenote_note":"","_monsterinsights_sitenote_category":0,"_uf_show_specific_survey":0,"_uf_disable_surveys":false,"footnotes":""},"class_list":["post-2546","page","type-page","status-publish","has-post-thumbnail","hentry"],"acf":[],"aioseo_notices":[],"_links":{"self":[{"href":"https:\/\/woodhouse.ee\/et\/wp-json\/wp\/v2\/pages\/2546","targetHints":{"allow":["GET"]}}],"collection":[{"href":"https:\/\/woodhouse.ee\/et\/wp-json\/wp\/v2\/pages"}],"about":[{"href":"https:\/\/woodhouse.ee\/et\/wp-json\/wp\/v2\/types\/page"}],"author":[{"embeddable":true,"href":"https:\/\/woodhouse.ee\/et\/wp-json\/wp\/v2\/users\/1"}],"replies":[{"embeddable":true,"href":"https:\/\/woodhouse.ee\/et\/wp-json\/wp\/v2\/comments?post=2546"}],"version-history":[{"count":19,"href":"https:\/\/woodhouse.ee\/et\/wp-json\/wp\/v2\/pages\/2546\/revisions"}],"predecessor-version":[{"id":7227,"href":"https:\/\/woodhouse.ee\/et\/wp-json\/wp\/v2\/pages\/2546\/revisions\/7227"}],"up":[{"embeddable":true,"href":"https:\/\/woodhouse.ee\/et\/wp-json\/wp\/v2\/pages\/2536"}],"wp:featuredmedia":[{"embeddable":true,"href":"https:\/\/woodhouse.ee\/et\/wp-json\/wp\/v2\/media\/2931"}],"wp:attachment":[{"href":"https:\/\/woodhouse.ee\/et\/wp-json\/wp\/v2\/media?parent=2546"}],"curies":[{"name":"wp","href":"https:\/\/api.w.org\/{rel}","templated":true}]}}