{"id":2536,"date":"2022-07-04T09:11:26","date_gmt":"2022-07-04T09:11:26","guid":{"rendered":"https:\/\/woodhouse.ee\/?page_id=2536"},"modified":"2025-11-17T09:03:21","modified_gmt":"2025-11-17T09:03:21","slug":"puitmaja-akadeemia","status":"publish","type":"page","link":"https:\/\/woodhouse.ee\/et\/puitmaja-akadeemia\/","title":{"rendered":"Puitehituse akadeemia"},"content":{"rendered":"<div class=\"lazyblock-content-hero-Z1omXfu align  wp-block-lazyblock-content-hero\">\n<section class=\"content-hero content-hero--bg-green\">\n    <div class=\"content-hero__picture\">\n        <div class=\"content-hero__image\">\n            <img decoding=\"async\" src=\"https:\/\/woodhouse.ee\/wp-content\/uploads\/2023\/04\/Showroom_1.jpg\" alt=\"\">\n        <\/div>\n\t\t    <\/div>\n    <div class=\"l-container\">\n        <div class=\"content-hero__content\">\n\t\t\t            <h1>Puitehituse akadeemia<\/h1>\n            <div class=\"content-hero__intro\">\n                Siit lehelt leiad puidusektori \u00f5ppetegevusega seotud teemad  &#8211; kutse andmine, \u00f5ppematerjalid, koolitused ja teadust\u00f6\u00f6d.            <\/div>\n        <\/div>\n    <\/div>\n\n<\/section>\n<\/div>\n\n<div class=\"lazyblock-card-deck-ZHYt4Y align  wp-block-lazyblock-card-deck\">\n<section class=\"card-deck\">\n    <div class=\"l-container\">\n        <div class=\"card-deck__cards\">\n                            <div class=\"card-deck__card\">\n                    <h2 class=\"card-deck__title\">Puitehituse e-\u00f5ppeprogrammid<\/h2>\n                    <div class=\"card-deck__content\">Oleme koos partneritega loonud interaktiivse e-\u00f5ppe programmi, et pakkuda erialast koolitust mugaval ja atraktiivsel viisil.<\/div>\n\t\t\t\t\t\t\t\t\t\t\t<div class=\"card-deck__link\">\n\t\t\t\t\t\t\t<a href=\"https:\/\/woodhouse.ee\/et\/puitmaja-akadeemia\/e-ope-puitehituse-akadeemia\/#tab-0\" class=\"btn btn--dark btn--dark-small\">Loe l\u00e4hemalt<\/a>\n\t\t\t\t\t\t<\/div>\n\t\t\t\t\t                <\/div>\n                            <div class=\"card-deck__card\">\n                    <h2 class=\"card-deck__title\">Kutse andmine<\/h2>\n                    <div class=\"card-deck__content\">Eesti Puitmajaliit on kutse andja j\u00e4rgmistele kutsetel: Puitmajaehitaja Tase 4 esmane kutse, Puitmajaehitaja Tase 4 ja Puitmajaehitaja Tase 5<\/div>\n\t\t\t\t\t\t\t\t\t\t\t<div class=\"card-deck__link\">\n\t\t\t\t\t\t\t<a href=\"https:\/\/woodhouse.ee\/et\/puitmaja-akadeemia\/kutse-andmine\/\" class=\"btn btn--dark btn--dark-small\">Loe l\u00e4hemalt<\/a>\n\t\t\t\t\t\t<\/div>\n\t\t\t\t\t                <\/div>\n                            <div class=\"card-deck__card\">\n                    <h2 class=\"card-deck__title\">Teadust\u00f6\u00f6 konkurss<\/h2>\n                    <div class=\"card-deck__content\">Edendamaks tehasemaja tootmist toetavat teadus- ja arendustegevust ja motiveerimaks \u00fcli\u00f5pilasi tegema sektori arengut toetavaid teadust\u00f6id.<\/div>\n\t\t\t\t\t\t\t\t\t\t\t<div class=\"card-deck__link\">\n\t\t\t\t\t\t\t<a href=\"https:\/\/woodhouse.ee\/et\/puitmaja-akadeemia\/teadustoo-konkurss\/\" class=\"btn btn--dark btn--dark-small\">Loe l\u00e4hemalt<\/a>\n\t\t\t\t\t\t<\/div>\n\t\t\t\t\t                <\/div>\n                            <div class=\"card-deck__card\">\n                    <h2 class=\"card-deck__title\">\u00d5piv\u00f5imalused<\/h2>\n                    <div class=\"card-deck__content\">Tutvu puidusektori erialadega, mida pakuvad Eesti kutse- ja k\u00f5rgkoolid. <\/div>\n\t\t\t\t\t\t\t\t\t\t\t<div class=\"card-deck__link\">\n\t\t\t\t\t\t\t<a href=\"https:\/\/woodhouse.ee\/et\/puitmaja-akadeemia\/opivoimalused\/\" class=\"btn btn--dark btn--dark-small\">Loe l\u00e4hemalt<\/a>\n\t\t\t\t\t\t<\/div>\n\t\t\t\t\t                <\/div>\n                    <\/div>\n    <\/div>\n<\/section>\n<\/div>\n\n<div class=\"lazyblock-featured-courses-20qqni align  wp-block-lazyblock-featured-courses\">\n<section class=\"featured-courses\">\n    <div class=\"l-container\">\n\t\t<h2 class=\"featured-courses__title\">Saabuvad \u00fcritused<\/h2>\n\n\t\t<div class=\"featured-courses__list\">\n\t\t\t\n<article class=\"article\">\n\t<a href=\"https:\/\/woodhouse.ee\/et\/event\/palkmajaehitajate-meistrivoistlus-2026\/\">\n\t\t\t\t\t<div class=\"article__pic\">\n\t\t\t\t<img decoding=\"async\" src=\"https:\/\/woodhouse.ee\/wp-content\/uploads\/2025\/11\/AO6A5938-scaled.jpg\" alt=\"\">\n\t\t\t<\/div>\n\t\t\t\t<div class=\"article__content\">\n\t\t\t<div class=\"article__date\">\n\t\t\t\t6. juuni, 2026\t\t\t<\/div>\n\t\t\t<h2 class=\"article__title\">Palkmajaehitajate meistriv\u00f5istlus 2026<\/h2>\n\t\t<\/div>\n\t<\/a>\n<\/article>\n\t\t<\/div>\n\n\t\t\t\t\t<div class=\"featured-courses__cta-wrapper\">\n\t\t\t\t<a href=\"https:\/\/woodhouse.ee\/et\/events\/#tab-0\" class=\"btn btn--dark btn--dark-small\">Vaata k\u00f5iki \u00fcritusi<\/a>\n\t\t\t<\/div>\n\t\t    <\/div>\n<\/section>\n<\/div>\n\n<div class=\"lazyblock-video-carousel-ZFvFsf align  wp-block-lazyblock-video-carousel\">\n<section class=\"video-carousel splide\">\n\n\t<h2>Miks \u00f5ppida puitmajaehitust?<\/h2>\n    \n\t<div class=\"video-carousel__wrapper\">\n\t\t<div class=\"splide__arrows\">\n\t\t\t<button class=\"splide__round-arrow splide__arrow--prev\">\n\t\t\t\t<svg fill=\"none\" height=\"81\" viewBox=\"0 0 81 81\" width=\"81\" xmlns=\"http:\/\/www.w3.org\/2000\/svg\"><g clip-rule=\"evenodd\" fill=\"#323334\" fill-rule=\"evenodd\"><path d=\"m40.1074 78.3914c20.9827 0 37.9972-17.0106 37.9972-38 0-20.9895-17.0145-38.00004-37.9972-38.00004-20.9826 0-37.9972 17.01054-37.9972 38.00004 0 20.9894 17.0146 38 37.9972 38zm40-38c0 22.0913-17.9086 40-40 40s-39.999978-17.9087-39.999978-40c0-22.0914 17.908578-40.000043 39.999978-40.000043s40 17.908643 40 40.000043z\"\/><path d=\"m50.6686 40.3819c.0054.5155-.4116.9376-.9314.943l-24.6789.2527c-.5198.0054-.9455-.4082-.9508-.9236-.0054-.5155.4116-.9376.9314-.9429l24.6789-.2528c.5198-.0053.9455.4082.9508.9236z\"\/><path d=\"m48.19 33.6745c.3621-.3698.9579-.3785 1.3309-.0194l6.301 6.0666c.1825.1758.2855.4173.2855.6697 0 .2523-.103.4938-.2855.6696l-6.301 6.0667c-.373.359-.9688.3503-1.3309-.0195-.3621-.3699-.3533-.9608.0196-1.3198l5.6055-5.397-5.6055-5.3971c-.3729-.359-.3817-.9499-.0196-1.3198z\"\/><\/g><\/svg>\t\t\t<\/button>\n\t\t\t<button class=\"splide__round-arrow splide__arrow--next\">\n\t\t\t\t<svg fill=\"none\" height=\"81\" viewBox=\"0 0 81 81\" width=\"81\" xmlns=\"http:\/\/www.w3.org\/2000\/svg\"><g clip-rule=\"evenodd\" fill=\"#323334\" fill-rule=\"evenodd\"><path d=\"m40.1074 78.3914c20.9827 0 37.9972-17.0106 37.9972-38 0-20.9895-17.0145-38.00004-37.9972-38.00004-20.9826 0-37.9972 17.01054-37.9972 38.00004 0 20.9894 17.0146 38 37.9972 38zm40-38c0 22.0913-17.9086 40-40 40s-39.999978-17.9087-39.999978-40c0-22.0914 17.908578-40.000043 39.999978-40.000043s40 17.908643 40 40.000043z\"\/><path d=\"m50.6686 40.3819c.0054.5155-.4116.9376-.9314.943l-24.6789.2527c-.5198.0054-.9455-.4082-.9508-.9236-.0054-.5155.4116-.9376.9314-.9429l24.6789-.2528c.5198-.0053.9455.4082.9508.9236z\"\/><path d=\"m48.19 33.6745c.3621-.3698.9579-.3785 1.3309-.0194l6.301 6.0666c.1825.1758.2855.4173.2855.6697 0 .2523-.103.4938-.2855.6696l-6.301 6.0667c-.373.359-.9688.3503-1.3309-.0195-.3621-.3699-.3533-.9608.0196-1.3198l5.6055-5.397-5.6055-5.3971c-.3729-.359-.3817-.9499-.0196-1.3198z\"\/><\/g><\/svg>\t\t\t<\/button>\n\t\t<\/div>\n\t\t<div class=\"splide__track\">\n\t\t\t<div class=\"splide__list\">\n\t\t\t\t\t\t\t\t\t<div class=\"video-carousel__slide splide__slide\">\n\t\t\t\t\t\t<div class=\"video-carousel__video video-container\">\n\t\t\t\t\t\t\t<iframe loading=\"lazy\" width=\"560\" height=\"315\" src=\"https:\/\/www.youtube.com\/embed\/963ELPuiq7A\" title=\"YouTube video player\" frameborder=\"0\" allow=\"accelerometer; autoplay; clipboard-write; encrypted-media; gyroscope; picture-in-picture\" allowfullscreen><\/iframe>\n\t\t\t\t\t\t<\/div>\n\t\t\t\t\t<\/div>\n\t\t\t\t\t\t\t\t\t<div class=\"video-carousel__slide splide__slide\">\n\t\t\t\t\t\t<div class=\"video-carousel__video video-container\">\n\t\t\t\t\t\t\t<iframe loading=\"lazy\" width=\"560\" height=\"315\" src=\"https:\/\/www.youtube.com\/embed\/-WzRNelmm4Q\" title=\"YouTube video player\" frameborder=\"0\" allow=\"accelerometer; autoplay; clipboard-write; encrypted-media; gyroscope; picture-in-picture\" allowfullscreen><\/iframe>\n\t\t\t\t\t\t<\/div>\n\t\t\t\t\t<\/div>\n\t\t\t\t\t\t\t\t\t<div class=\"video-carousel__slide splide__slide\">\n\t\t\t\t\t\t<div class=\"video-carousel__video video-container\">\n\t\t\t\t\t\t\t<iframe loading=\"lazy\" width=\"560\" height=\"315\" src=\"https:\/\/www.youtube.com\/embed\/Jia0HSjQdr0\" title=\"YouTube video player\" frameborder=\"0\" allow=\"accelerometer; autoplay; clipboard-write; encrypted-media; gyroscope; picture-in-picture\" allowfullscreen><\/iframe>\n\t\t\t\t\t\t<\/div>\n\t\t\t\t\t<\/div>\n\t\t\t\t\t\t\t\t\t<div class=\"video-carousel__slide splide__slide\">\n\t\t\t\t\t\t<div class=\"video-carousel__video video-container\">\n\t\t\t\t\t\t\t<iframe loading=\"lazy\" width=\"560\" height=\"315\" src=\"https:\/\/www.youtube.com\/embed\/dNgVx-kn1qw\" title=\"YouTube video player\" frameborder=\"0\" allow=\"accelerometer; autoplay; clipboard-write; encrypted-media; gyroscope; picture-in-picture\" allowfullscreen><\/iframe>\n\t\t\t\t\t\t<\/div>\n\t\t\t\t\t<\/div>\n\t\t\t\t\t\t\t<\/div>\n\t\t<\/div>\n    <\/div>\n<\/section>\n<\/div>","protected":false},"excerpt":{"rendered":"","protected":false},"author":1,"featured_media":0,"parent":0,"menu_order":0,"comment_status":"closed","ping_status":"closed","template":"","meta":{"_acf_changed":false,"om_disable_all_campaigns":false,"_monsterinsights_skip_tracking":false,"_monsterinsights_sitenote_active":false,"_monsterinsights_sitenote_note":"","_monsterinsights_sitenote_category":0,"_uf_show_specific_survey":0,"_uf_disable_surveys":false,"footnotes":""},"class_list":["post-2536","page","type-page","status-publish","hentry"],"acf":[],"aioseo_notices":[],"_links":{"self":[{"href":"https:\/\/woodhouse.ee\/et\/wp-json\/wp\/v2\/pages\/2536","targetHints":{"allow":["GET"]}}],"collection":[{"href":"https:\/\/woodhouse.ee\/et\/wp-json\/wp\/v2\/pages"}],"about":[{"href":"https:\/\/woodhouse.ee\/et\/wp-json\/wp\/v2\/types\/page"}],"author":[{"embeddable":true,"href":"https:\/\/woodhouse.ee\/et\/wp-json\/wp\/v2\/users\/1"}],"replies":[{"embeddable":true,"href":"https:\/\/woodhouse.ee\/et\/wp-json\/wp\/v2\/comments?post=2536"}],"version-history":[{"count":35,"href":"https:\/\/woodhouse.ee\/et\/wp-json\/wp\/v2\/pages\/2536\/revisions"}],"predecessor-version":[{"id":7595,"href":"https:\/\/woodhouse.ee\/et\/wp-json\/wp\/v2\/pages\/2536\/revisions\/7595"}],"wp:attachment":[{"href":"https:\/\/woodhouse.ee\/et\/wp-json\/wp\/v2\/media?parent=2536"}],"curies":[{"name":"wp","href":"https:\/\/api.w.org\/{rel}","templated":true}]}}