{"id":1534,"date":"2022-04-06T14:06:00","date_gmt":"2022-04-06T14:06:00","guid":{"rendered":"https:\/\/woodhouse.ee\/about\/"},"modified":"2026-02-18T08:43:25","modified_gmt":"2026-02-18T08:43:25","slug":"about","status":"publish","type":"page","link":"https:\/\/woodhouse.ee\/et\/about\/","title":{"rendered":"Meist"},"content":{"rendered":"<div class=\"lazyblock-about-hero-1EnsWY align  wp-block-lazyblock-about-hero\">\n<section class=\"about-hero\">\n    <div class=\"about-hero__picture\">\n        <div class=\"about-hero__image\">\n            <img decoding=\"async\" src=\"https:\/\/woodhouse.ee\/wp-content\/uploads\/2022\/04\/about-1.jpg\" alt=\"\">\n        <\/div>\n                    <div class=\"about-hero__caption\">\n                Eesti puitmajasektori <i>showroom<\/i> Vabah\u00f5humuuseumis                                    <span>Foto: Jakob Meier<\/span>\n                            <\/div>\n            <\/div>\n    <div class=\"l-container\">\n        <div class=\"about-hero__content\">\n            <h1>Meist<\/h1>\n            <div class=\"about-hero__intro\">\n                <p id=\"tw-target-text\" dir=\"ltr\" data-placeholder=\"Translation\"><span lang=\"et\">Woodhouse Estonia on loodud Eesti puitmajade edulugude jagamiseks. Meie eesm\u00e4rk on inspireerida rohkem inimesi avastama puidu kui ehitusmaterjali eeliseid ning luua sidemeid tootjate ja teiste partneritega. <\/span><\/p>\n<p dir=\"ltr\" data-placeholder=\"Translation\">Woodhouse Estonia <strong>peamine eesm\u00e4rk<\/strong>\u00a0on oma liikmete konkurentsiv\u00f5ime ja ekspordisuutlikkuse t\u00f5stmine l\u00e4bi erinevate toetavate \u00fchistegevuste.<\/p>            <\/div>\n        <\/div>\n    <\/div>\n<\/section><\/div>\n\n<div class=\"lazyblock-contacts-ZTxYiX align  wp-block-lazyblock-contacts\">\n<section class=\"contacts\">\n    <div class=\"l-container\">\n        <h2>Kontaktid<\/h2>\n        <div class=\"contacts__list\">\n                            <div class=\"person\">\n                                            <div class=\"person__pic\">\n                            <img decoding=\"async\" src=\"https:\/\/woodhouse.ee\/wp-content\/uploads\/2022\/04\/annika.png\" alt=\"\">\n                        <\/div>\n                                        <div class=\"person__content\">\n                        <div class=\"person__name\">Annika Kadaja<\/div>\n                                                    <div class=\"person__title\">Tegevjuht<\/div>\n                                                                            <div class=\"person__email\"><a href=\"mailto:annika@woodhouse.ee\">annika@woodhouse.ee<\/a><\/div>\n                                            <\/div>\n                <\/div>\n                            <div class=\"person\">\n                                            <div class=\"person__pic\">\n                            <img decoding=\"async\" src=\"https:\/\/woodhouse.ee\/wp-content\/uploads\/2022\/04\/elar.png\" alt=\"\">\n                        <\/div>\n                                        <div class=\"person__content\">\n                        <div class=\"person__name\">Elar Vilt<\/div>\n                                                    <div class=\"person__title\">Arendusn\u00f5unik<\/div>\n                                                                            <div class=\"person__email\"><a href=\"mailto:elar@woodhouse.ee\">elar@woodhouse.ee<\/a><\/div>\n                                            <\/div>\n                <\/div>\n                            <div class=\"person\">\n                                            <div class=\"person__pic\">\n                            <img decoding=\"async\" src=\"https:\/\/woodhouse.ee\/wp-content\/uploads\/2023\/06\/Piret-Jaani.jpg\" alt=\"\">\n                        <\/div>\n                                        <div class=\"person__content\">\n                        <div class=\"person__name\">Piret Jaani<\/div>\n                                                    <div class=\"person__title\">Haridusvaldkonna koordinaator<\/div>\n                                                                            <div class=\"person__email\"><a href=\"mailto:piret@woodhouse.ee\">piret@woodhouse.ee<\/a><\/div>\n                                            <\/div>\n                <\/div>\n                    <\/div>\n    <\/div>\n<\/section>\n<\/div>\n\n<div class=\"lazyblock-location-26ugTQ align  wp-block-lazyblock-location\">\n<section class=\"map-section\">\n    <div class=\"l-container\">\n        <div class=\"map-section__content\">\n            <h4>Woodhouse Estonia<\/h4>\n            <div class=\"map-section__info-block\">\n                <p>Vaba\u00f5humuuseumi tee 12\/1, Tallinn 13521<br \/><a href=\"tel:37255642745\">+372 5564 2745<\/a><br \/><a href=\"mailto:info@woodhouse.ee\">info@woodhouse.ee<\/a><\/p>            <\/div>\n\n            <div class=\"map-section__info-block\">\n                <p>Eesti Puitmajaliit MT\u00dc<br \/>Reg.nr. 80103116<br \/>KMK nr: EE101310916<\/p>            <\/div>\n        <\/div>\n        <div class=\"map-section__map\" id=\"map\" data-lat=\" 59.437210\" data-lng=\"24.627290\"><\/div>\n\t\t<script>\n\t\t\tfunction initMap() {\n\t\t\t\tvar mapElement = document.getElementById(\"map\");\n\t\t\t\tvar pin = { lat: parseFloat(mapElement.dataset.lat), lng: parseFloat(mapElement.dataset.lng) };\n\t\t\t\tvar map = new google.maps.Map(mapElement, {\n\t\t\t\t\tzoom: 15,\n\t\t\t\t\tcenter: pin,\n\t\t\t\t\tstyles: [\n\t\t\t\t\t\t{\n\t\t\t\t\t\t\t\"featureType\": \"administrative\",\n\t\t\t\t\t\t\t\"elementType\": \"all\",\n\t\t\t\t\t\t\t\"stylers\": [\n\t\t\t\t\t\t\t\t{\n\t\t\t\t\t\t\t\t\t\"saturation\": \"-100\"\n\t\t\t\t\t\t\t\t}\n\t\t\t\t\t\t\t]\n\t\t\t\t\t\t},\n\t\t\t\t\t\t{\n\t\t\t\t\t\t\t\"featureType\": \"administrative.province\",\n\t\t\t\t\t\t\t\"elementType\": \"all\",\n\t\t\t\t\t\t\t\"stylers\": [\n\t\t\t\t\t\t\t\t{\n\t\t\t\t\t\t\t\t\t\"visibility\": \"off\"\n\t\t\t\t\t\t\t\t}\n\t\t\t\t\t\t\t]\n\t\t\t\t\t\t},\n\t\t\t\t\t\t{\n\t\t\t\t\t\t\t\"featureType\": \"landscape\",\n\t\t\t\t\t\t\t\"elementType\": \"all\",\n\t\t\t\t\t\t\t\"stylers\": [\n\t\t\t\t\t\t\t\t{\n\t\t\t\t\t\t\t\t\t\"saturation\": -100\n\t\t\t\t\t\t\t\t},\n\t\t\t\t\t\t\t\t{\n\t\t\t\t\t\t\t\t\t\"lightness\": 65\n\t\t\t\t\t\t\t\t},\n\t\t\t\t\t\t\t\t{\n\t\t\t\t\t\t\t\t\t\"visibility\": \"on\"\n\t\t\t\t\t\t\t\t}\n\t\t\t\t\t\t\t]\n\t\t\t\t\t\t},\n\t\t\t\t\t\t{\n\t\t\t\t\t\t\t\"featureType\": \"poi\",\n\t\t\t\t\t\t\t\"elementType\": \"all\",\n\t\t\t\t\t\t\t\"stylers\": [\n\t\t\t\t\t\t\t\t{\n\t\t\t\t\t\t\t\t\t\"saturation\": -100\n\t\t\t\t\t\t\t\t},\n\t\t\t\t\t\t\t\t{\n\t\t\t\t\t\t\t\t\t\"lightness\": \"50\"\n\t\t\t\t\t\t\t\t},\n\t\t\t\t\t\t\t\t{\n\t\t\t\t\t\t\t\t\t\"visibility\": \"simplified\"\n\t\t\t\t\t\t\t\t}\n\t\t\t\t\t\t\t]\n\t\t\t\t\t\t},\n\t\t\t\t\t\t{\n\t\t\t\t\t\t\t\"featureType\": \"road\",\n\t\t\t\t\t\t\t\"elementType\": \"all\",\n\t\t\t\t\t\t\t\"stylers\": [\n\t\t\t\t\t\t\t\t{\n\t\t\t\t\t\t\t\t\t\"saturation\": \"-100\"\n\t\t\t\t\t\t\t\t}\n\t\t\t\t\t\t\t]\n\t\t\t\t\t\t},\n\t\t\t\t\t\t{\n\t\t\t\t\t\t\t\"featureType\": \"road.highway\",\n\t\t\t\t\t\t\t\"elementType\": \"all\",\n\t\t\t\t\t\t\t\"stylers\": [\n\t\t\t\t\t\t\t\t{\n\t\t\t\t\t\t\t\t\t\"visibility\": \"simplified\"\n\t\t\t\t\t\t\t\t}\n\t\t\t\t\t\t\t]\n\t\t\t\t\t\t},\n\t\t\t\t\t\t{\n\t\t\t\t\t\t\t\"featureType\": \"road.arterial\",\n\t\t\t\t\t\t\t\"elementType\": \"all\",\n\t\t\t\t\t\t\t\"stylers\": [\n\t\t\t\t\t\t\t\t{\n\t\t\t\t\t\t\t\t\t\"lightness\": \"30\"\n\t\t\t\t\t\t\t\t}\n\t\t\t\t\t\t\t]\n\t\t\t\t\t\t},\n\t\t\t\t\t\t{\n\t\t\t\t\t\t\t\"featureType\": \"road.local\",\n\t\t\t\t\t\t\t\"elementType\": \"all\",\n\t\t\t\t\t\t\t\"stylers\": [\n\t\t\t\t\t\t\t\t{\n\t\t\t\t\t\t\t\t\t\"lightness\": \"40\"\n\t\t\t\t\t\t\t\t}\n\t\t\t\t\t\t\t]\n\t\t\t\t\t\t},\n\t\t\t\t\t\t{\n\t\t\t\t\t\t\t\"featureType\": \"transit\",\n\t\t\t\t\t\t\t\"elementType\": \"all\",\n\t\t\t\t\t\t\t\"stylers\": [\n\t\t\t\t\t\t\t\t{\n\t\t\t\t\t\t\t\t\t\"saturation\": -100\n\t\t\t\t\t\t\t\t},\n\t\t\t\t\t\t\t\t{\n\t\t\t\t\t\t\t\t\t\"visibility\": \"simplified\"\n\t\t\t\t\t\t\t\t}\n\t\t\t\t\t\t\t]\n\t\t\t\t\t\t},\n\t\t\t\t\t\t{\n\t\t\t\t\t\t\t\"featureType\": \"water\",\n\t\t\t\t\t\t\t\"elementType\": \"geometry\",\n\t\t\t\t\t\t\t\"stylers\": [\n\t\t\t\t\t\t\t\t{\n\t\t\t\t\t\t\t\t\t\"hue\": \"#ffff00\"\n\t\t\t\t\t\t\t\t},\n\t\t\t\t\t\t\t\t{\n\t\t\t\t\t\t\t\t\t\"lightness\": -25\n\t\t\t\t\t\t\t\t},\n\t\t\t\t\t\t\t\t{\n\t\t\t\t\t\t\t\t\t\"saturation\": -97\n\t\t\t\t\t\t\t\t}\n\t\t\t\t\t\t\t]\n\t\t\t\t\t\t},\n\t\t\t\t\t\t{\n\t\t\t\t\t\t\t\"featureType\": \"water\",\n\t\t\t\t\t\t\t\"elementType\": \"labels\",\n\t\t\t\t\t\t\t\"stylers\": [\n\t\t\t\t\t\t\t\t{\n\t\t\t\t\t\t\t\t\t\"lightness\": -25\n\t\t\t\t\t\t\t\t},\n\t\t\t\t\t\t\t\t{\n\t\t\t\t\t\t\t\t\t\"saturation\": -100\n\t\t\t\t\t\t\t\t}\n\t\t\t\t\t\t\t]\n\t\t\t\t\t\t}\n\t\t\t\t\t]\n\t\t\t\t});\n\n\t\t\t\tvar marker = new google.maps.Marker({\n\t\t\t\t\tposition: pin,\n\t\t\t\t\tmap: map,\n\t\t\t\t});\n\t\t\t}\n\t\t<\/script>\n        <!-- Async script executes immediately and must be after any DOM elements used in callback. -->\n        <script src=\"https:\/\/maps.googleapis.com\/maps\/api\/js?key=AIzaSyCTJ0byQFho8bwTUE8iLhCepomiUGeQzZ0&#038;callback=initMap&#038;v=weekly\" async><\/script>\n    <\/div>\n<\/section>\n<\/div>\n\n<div class=\"lazyblock-about-tabs-Z1n065I align  wp-block-lazyblock-about-tabs\">\n<section class=\"soft-highlight\">\n    <div class=\"l-container\">\n\n\t\t<div class=\"js-tabs about-tabs\" id=\"tabs\">\n\n\t\t\t<ul class=\"js-tabs__header about-tabs__header\">\n\t\t\t\t<li><a class=\"js-tabs__title btn btn--dark\" href=\"#\">Puitmajaliit<\/a><\/li>\n\t\t\t\t<li><a class=\"js-tabs__title btn btn--dark\" href=\"#\">Projektid<\/a><\/li>\n\t\t\t\t\t\t\t<\/ul>\n\n\n\t\t\t\n<div class=\"lazyblock-about-association-ZB21G2 align  wp-block-lazyblock-about-association\">\n<div class=\"js-tabs__content\">\n\t<div class=\"soft-highlight__contained\">\n\t\t<h2>Eesti Puitmajaliit<\/h2>\n\t\t<div>\n\t\t\tEesti Puitmajaliit asutati 20. mail 1999. aastal 17 puitmajade tootmisega tegeleva ettev\u00f5tte poolt. Eesti Puitmajaliidu p\u00f5hieesm\u00e4rk on suurendada oma liikmesettev\u00f5tete konkurentsiv\u00f5imet ja ekspordiv\u00f5imet erinevate toetavate \u00fchisettev\u00f5tete kaudu. <br><br>\u00dchisettev\u00f5tete koost\u00f6\u00f6 h\u00f5lmab \u00fcldarendust, turundust, kutse\u00f5ppetegevust, poliitika kujundamises osalemist ja infovahetust. Eesti Puitmajaliidu liikmete poolt toodetud erinevad tooted on moodulmajad, elementmajad, aiamajad, h\u00f6\u00f6vel- ja \u00fcmarpuidust palkmajad. Need jagunevad k\u00e4sitsi valmistatud palkmajade ja masint\u00f6\u00f6deldud palkmajade tootjateks. <br><br>K\u00f5ik tootjad omavad pikaajalisi tootmistraditsioone ja on v\u00e4listurgudel konkurentsiv\u00f5imelised \u2013 ca 80-90% kogu Eesti puitmajade toodangust l\u00e4heb ekspordiks. Aasta jooksul eksporditud puitmajade koguk\u00e4ibe p\u00f5hjal on Eesti EL-s 1. puitmajade eksportija.\t\t<\/div>\n\t<\/div>\n\n\t<h4>Eesm\u00e4rgid<\/h4>\n\n\t<ul class=\"goal-list\">\n\t\t\t\t\t<li class=\"goal\">\n\t\t\t\t<div class=\"goal__icon\"><img decoding=\"async\" src=\"https:\/\/woodhouse.ee\/wp-content\/uploads\/2022\/04\/goal-5.svg\" alt=\"\"><\/div>\n\t\t\t\t<div class=\"goal__content\">arendustegevused<\/div>\n\t\t\t<\/li>\n\t\t\t\t\t<li class=\"goal\">\n\t\t\t\t<div class=\"goal__icon\"><img decoding=\"async\" src=\"https:\/\/woodhouse.ee\/wp-content\/uploads\/2022\/04\/goal-4.svg\" alt=\"\"><\/div>\n\t\t\t\t<div class=\"goal__content\">turundustegevused<\/div>\n\t\t\t<\/li>\n\t\t\t\t\t<li class=\"goal\">\n\t\t\t\t<div class=\"goal__icon\"><img decoding=\"async\" src=\"https:\/\/woodhouse.ee\/wp-content\/uploads\/2022\/04\/goal-2.svg\" alt=\"\"><\/div>\n\t\t\t\t<div class=\"goal__content\">\u00fchised kutse\u00f5ppe valdkonna tegevused<\/div>\n\t\t\t<\/li>\n\t\t\t\t\t<li class=\"goal\">\n\t\t\t\t<div class=\"goal__icon\"><img decoding=\"async\" src=\"https:\/\/woodhouse.ee\/wp-content\/uploads\/2022\/04\/goal-1.svg\" alt=\"\"><\/div>\n\t\t\t\t<div class=\"goal__content\">infovahetus<\/div>\n\t\t\t<\/li>\n\t\t\t\t\t<li class=\"goal\">\n\t\t\t\t<div class=\"goal__icon\"><img decoding=\"async\" src=\"https:\/\/woodhouse.ee\/wp-content\/uploads\/2022\/04\/goal-4.svg\" alt=\"\"><\/div>\n\t\t\t\t<div class=\"goal__content\">poliitikate kujundamises osalemine<\/div>\n\t\t\t<\/li>\n\t\t\t\t\t<li class=\"goal\">\n\t\t\t\t<div class=\"goal__icon\"><img decoding=\"async\" src=\"https:\/\/woodhouse.ee\/wp-content\/uploads\/2022\/04\/goal-3.svg\" alt=\"\"><\/div>\n\t\t\t\t<div class=\"goal__content\">konkurentsiv\u00f5ime t\u00f5stmine<\/div>\n\t\t\t<\/li>\n\t\t\t<\/ul>\n\n\t<div class=\"soft-highlight__contained\">\n\t\tEesti puitmajasektori m\u00fc\u00fcgitulu ulatub ligikaudu 450 miljoni euroni, sealjuures moodustab Eesti Puitmajaliidu liikmete m\u00fc\u00fcgitulu ja t\u00f6\u00f6tajate arv ligi 80% kogu sektori vastavatest n\u00e4itajatest. Kui arvestada, et puitmajatootjaid on Eestis tervikuna kokku ca 140, siis v\u00f5ib \u00f6elda, et \u00fchistegevusteks on liitunud nendest suuremad ja m\u00f5jukamad ettev\u00f5tted.\t<\/div>\n\n\t\t\t<div class=\"about-board\">\n\t\t\t\t\t\t\t<h4>Juhatus<\/h4>\n\t\t\t\t\t\t<div class=\"about-board__list\">\n\n\t\t\t\t\t\t\t\t\t<div class=\"board-member\">\n\t\t\t\t\t\t\t\t\t\t\t\t\t<div class=\"board-member__name\">Martin Talts<\/div>\n\t\t\t\t\t\t\t\t\t\t\t\t\t\t\t\t\t\t\t<div class=\"board-member__company\">\n\t\t\t\t\t\t\t\t<a href=\"https:\/\/www.kmt.ee\/\">KMT Prefab O\u00dc<\/a>\t\t\t\t\t\t\t\t\t\t\t\t\t\t\t\t\t<div>Juhatuse esimees<\/div>\n\t\t\t\t\t\t\t\t\t\t\t\t\t\t\t<\/div>\n\t\t\t\t\t\t\t\t\t\t\t\t<a href=\"mailto:martin@kmt.ee\" class=\"board-member__email\">martin@kmt.ee<\/a>\n\t\t\t\t\t<\/div>\n\t\t\t\t\t\t\t\t\t<div class=\"board-member\">\n\t\t\t\t\t\t\t\t\t\t\t\t\t<div class=\"board-member__name\">Alo Tamm<\/div>\n\t\t\t\t\t\t\t\t\t\t\t\t\t\t\t\t\t\t\t<div class=\"board-member__company\">\n\t\t\t\t\t\t\t\t<a href=\"https:\/\/www.harmet.ee\/\">Harmet O\u00dc<\/a>\t\t\t\t\t\t\t\t\t\t\t\t\t\t\t\t\t<div>Juhatuse aseesimees<\/div>\n\t\t\t\t\t\t\t\t\t\t\t\t\t\t\t<\/div>\n\t\t\t\t\t\t\t\t\t\t\t\t<a href=\"mailto:alo.tamm@harmet.ee\" class=\"board-member__email\">alo.tamm@harmet.ee<\/a>\n\t\t\t\t\t<\/div>\n\t\t\t\t\t\t\t\t\t<div class=\"board-member\">\n\t\t\t\t\t\t\t\t\t\t\t\t\t<div class=\"board-member__name\">Siim Leisalu<\/div>\n\t\t\t\t\t\t\t\t\t\t\t\t\t\t\t\t\t\t\t<div class=\"board-member__company\">\n\t\t\t\t\t\t\t\t<a href=\"https:\/\/timbeco.ee\/\">Timbeco Woodhouse O\u00dc<\/a>\t\t\t\t\t\t\t\t\t\t\t\t\t\t\t\t\t<div>Juhatuse liige<\/div>\n\t\t\t\t\t\t\t\t\t\t\t\t\t\t\t<\/div>\n\t\t\t\t\t\t\t\t\t\t\t\t<a href=\"mailto:siim@timbeco.ee\" class=\"board-member__email\">siim@timbeco.ee<\/a>\n\t\t\t\t\t<\/div>\n\t\t\t\t\t\t\t\t\t<div class=\"board-member\">\n\t\t\t\t\t\t\t\t\t\t\t\t\t<div class=\"board-member__name\">Ragner L\u00f5bu<\/div>\n\t\t\t\t\t\t\t\t\t\t\t\t\t\t\t\t\t\t\t<div class=\"board-member__company\">\n\t\t\t\t\t\t\t\t<a href=\"https:\/\/hobbiton.ee\/\">Hobbiton O\u00dc<\/a>\t\t\t\t\t\t\t\t\t\t\t\t\t\t\t\t\t<div>Juhatuse liige<\/div>\n\t\t\t\t\t\t\t\t\t\t\t\t\t\t\t<\/div>\n\t\t\t\t\t\t\t\t\t\t\t\t<a href=\"mailto:ragner@hobbiton.ee\" class=\"board-member__email\">ragner@hobbiton.ee<\/a>\n\t\t\t\t\t<\/div>\n\t\t\t\t\t\t\t\t\t<div class=\"board-member\">\n\t\t\t\t\t\t\t\t\t\t\t\t\t<div class=\"board-member__name\">Priit Kallas<\/div>\n\t\t\t\t\t\t\t\t\t\t\t\t\t\t\t\t\t\t\t<div class=\"board-member__company\">\n\t\t\t\t\t\t\t\t<a href=\"https:\/\/iglucraft.com\/et\">Creative Woodworks O\u00dc<\/a>\t\t\t\t\t\t\t\t\t\t\t\t\t\t\t\t\t<div>Juhatuse liige<\/div>\n\t\t\t\t\t\t\t\t\t\t\t\t\t\t\t<\/div>\n\t\t\t\t\t\t\t\t\t\t\t\t<a href=\"mailto:priit@iglucraft.com\" class=\"board-member__email\">priit@iglucraft.com<\/a>\n\t\t\t\t\t<\/div>\n\t\t\t\t\t\t\t\t\t<div class=\"board-member\">\n\t\t\t\t\t\t\t\t\t\t\t\t\t<div class=\"board-member__name\">Indrek Rehme<\/div>\n\t\t\t\t\t\t\t\t\t\t\t\t\t\t\t\t\t\t\t<div class=\"board-member__company\">\n\t\t\t\t\t\t\t\t<a href=\"https:\/\/kodumaja.ee\/\">Kodumaja AS<\/a>\t\t\t\t\t\t\t\t\t\t\t\t\t\t\t\t\t<div>Juhatuse liige<\/div>\n\t\t\t\t\t\t\t\t\t\t\t\t\t\t\t<\/div>\n\t\t\t\t\t\t\t\t\t\t\t\t<a href=\"mailto:indrek@kodumaja.ee\" class=\"board-member__email\">indrek@kodumaja.ee<\/a>\n\t\t\t\t\t<\/div>\n\t\t\t\t\t\t\t\t\t<div class=\"board-member\">\n\t\t\t\t\t\t\t\t\t\t\t\t\t<div class=\"board-member__name\">Lauri Tuulberg<\/div>\n\t\t\t\t\t\t\t\t\t\t\t\t\t\t\t\t\t\t\t<div class=\"board-member__company\">\n\t\t\t\t\t\t\t\t<a href=\"https:\/\/welement.ee\/\">Welement AS<\/a>\t\t\t\t\t\t\t\t\t\t\t\t\t\t\t\t\t<div>Juhatuse liige<\/div>\n\t\t\t\t\t\t\t\t\t\t\t\t\t\t\t<\/div>\n\t\t\t\t\t\t\t\t\t\t\t\t<a href=\"mailto:lauri@welement.ee\" class=\"board-member__email\">lauri@welement.ee<\/a>\n\t\t\t\t\t<\/div>\n\t\t\t\t\t\t\t<\/div>\n\t\t<\/div>\n\t\n\t\t\t<div class=\"about-ceo\">\n\t\t\t\t\t\t\t<h4>Tegevjuht ja Puitmajaklastri \u00fchisturunduse juht<\/h4>\n\t\t\t\t\t\t<div class=\"about-ceo__name\">Annika Kadaja<\/div>\n\t\t\t\t\t\t\t<a href=\"mailto:annika@woodhouse.ee\" class=\"about-ceo__email\">annika@woodhouse.ee<\/a>\n\t\t\t\t\t<\/div>\n\t\n<\/div><\/div>\n\n\t\t\t<div class=\"js-tabs__content\">\n\n\t\t\t\t<h2>Projektid<\/h2>\n\n\t\t\t\t\n\t\t\t\t\t<h3 class=\"about-tabs__section-title\">K\u00e4imasolevad projektid<\/h3>\n\n\t\t\t\t\t<div class=\"about-tabs__section\">\n\t\t\t\t\t\t\t\t\t\t\t\t\t\t\t\t\t\t\t\t<article class=\"about-project\">\n\t\t\t\t\t\t\t\t<a href=\"https:\/\/woodhouse.ee\/et\/woodhouse-project\/accelerating-research-and-development-activities-in-the-timber-construction-sector-et-2\/\">\n\t\t\t\t\t\t\t\t\t<div class=\"about-project__content\">\n\t\t\t\t\t\t\t\t\t\t<h3 class=\"about-project__title\">Eesti puitmajasektori ekspordistrateegia elluviimine perioodil 2026\u20132028<\/h3>\n\t\t\t\t\t\t\t\t\t\t<div class=\"about-project__intro\"><\/div>\n\t\t\t\t\t\t\t\t\t\t<div class=\"btn btn--dark\">Loe l\u00e4hemalt<\/div>\n\t\t\t\t\t\t\t\t\t<\/div>\n\t\t\t\t\t\t\t\t<\/a>\n\t\t\t\t\t\t\t<\/article>\n\t\t\t\t\t\t\t\t\t\t\t\t\t\t\t\t\t\t\t\t<article class=\"about-project\">\n\t\t\t\t\t\t\t\t<a href=\"https:\/\/woodhouse.ee\/et\/woodhouse-project\/accelerating-research-and-development-activities-in-the-timber-construction-sector-et\/\">\n\t\t\t\t\t\t\t\t\t<div class=\"about-project__content\">\n\t\t\t\t\t\t\t\t\t\t<h3 class=\"about-project__title\">Puitmajasektori teadus- ja arendustegevuse hoogustamine<\/h3>\n\t\t\t\t\t\t\t\t\t\t<div class=\"about-project__intro\"><\/div>\n\t\t\t\t\t\t\t\t\t\t<div class=\"btn btn--dark\">Loe l\u00e4hemalt<\/div>\n\t\t\t\t\t\t\t\t\t<\/div>\n\t\t\t\t\t\t\t\t<\/a>\n\t\t\t\t\t\t\t<\/article>\n\t\t\t\t\t\t\t\t\t\t\t\t\t\t\t\t\t\t\t\t<article class=\"about-project\">\n\t\t\t\t\t\t\t\t<a href=\"https:\/\/woodhouse.ee\/et\/woodhouse-project\/wood-for-youth\/\">\n\t\t\t\t\t\t\t\t\t<div class=\"about-project__content\">\n\t\t\t\t\t\t\t\t\t\t<h3 class=\"about-project__title\">Wood for Youth<\/h3>\n\t\t\t\t\t\t\t\t\t\t<div class=\"about-project__intro\"><\/div>\n\t\t\t\t\t\t\t\t\t\t<div class=\"btn btn--dark\">Loe l\u00e4hemalt<\/div>\n\t\t\t\t\t\t\t\t\t<\/div>\n\t\t\t\t\t\t\t\t<\/a>\n\t\t\t\t\t\t\t<\/article>\n\t\t\t\t\t\t\t\t\t\t\t\t\t\t\t\t\t\t\t\t<article class=\"about-project\">\n\t\t\t\t\t\t\t\t<a href=\"https:\/\/woodhouse.ee\/et\/woodhouse-project\/buildest\/\">\n\t\t\t\t\t\t\t\t\t<div class=\"about-project__content\">\n\t\t\t\t\t\t\t\t\t\t<h3 class=\"about-project__title\">BuildEST<\/h3>\n\t\t\t\t\t\t\t\t\t\t<div class=\"about-project__intro\"><\/div>\n\t\t\t\t\t\t\t\t\t\t<div class=\"btn btn--dark\">Loe l\u00e4hemalt<\/div>\n\t\t\t\t\t\t\t\t\t<\/div>\n\t\t\t\t\t\t\t\t<\/a>\n\t\t\t\t\t\t\t<\/article>\n\t\t\t\t\t\t\t\t\t\t\t<\/div>\n\t\t\t\t\t\n\t\t\t\t\n\t\t\t\t\n\t\t\t\t\t<h3 class=\"about-tabs__section-title\">M\u00f6\u00f6dunud projektid<\/h3>\n\n\t\t\t\t\t<div class=\"about-tabs__section\">\n\t\t\t\t\t\t\t\t\t\t\t\t\t\t\t\t\t\t\t\t<article class=\"about-project\">\n\t\t\t\t\t\t\t\t<a href=\"https:\/\/woodhouse.ee\/et\/woodhouse-project\/7946\/\">\n\t\t\t\t\t\t\t\t\t<div class=\"about-project__content\">\n\t\t\t\t\t\t\t\t\t\t<h3 class=\"about-project__title\">Eesti Puitmajaklaster<\/h3>\n\t\t\t\t\t\t\t\t\t\t<div class=\"about-project__intro\"><p>Eesti Puitmajaklaster loodi selleks, et t\u00f5sta klastri ettev\u00f5tete rahvusvahelist konkurentsiv\u00f5imet ja ekspordik\u00e4ivet l\u00e4bi ettev\u00f5tete, teadus- ja arendustegevuse ning \u00f5ppeasutuste vahelise rahvusvahelise koost\u00f6\u00f6 \u00fchisturunduse, tootearenduse ja kompetentsi&#8230;<\/p>\n<\/div>\n\t\t\t\t\t\t\t\t\t\t<div class=\"btn btn--dark\">Vaata l\u00e4hemalt<\/div>\n\t\t\t\t\t\t\t\t\t<\/div>\n\t\t\t\t\t\t\t\t<\/a>\n\t\t\t\t\t\t\t<\/article>\n\t\t\t\t\t\t\t\t\t\t\t\t\t\t\t\t\t\t\t\t<article class=\"about-project\">\n\t\t\t\t\t\t\t\t<a href=\"https:\/\/woodhouse.ee\/et\/woodhouse-project\/opening-indoor-hygiene-smes-exports-to-middle-east-construction-markets\/\">\n\t\t\t\t\t\t\t\t\t<div class=\"about-project__content\">\n\t\t\t\t\t\t\t\t\t\t<h3 class=\"about-project__title\">Opening indoor hygiene SME\u2019s exports to Middle East construction markets<\/h3>\n\t\t\t\t\t\t\t\t\t\t<div class=\"about-project__intro\"><p>IHMEC project creates and exports joint indoor hygiene solution of Central Baltic area SME\u2019s into the Saudi Arabian construction market using indoor hygiene (IH) as a&#8230;<\/p>\n<\/div>\n\t\t\t\t\t\t\t\t\t\t<div class=\"btn btn--dark\">Vaata l\u00e4hemalt<\/div>\n\t\t\t\t\t\t\t\t\t<\/div>\n\t\t\t\t\t\t\t\t<\/a>\n\t\t\t\t\t\t\t<\/article>\n\t\t\t\t\t\t\t\t\t\t\t\t\t\t\t\t\t\t\t\t<article class=\"about-project\">\n\t\t\t\t\t\t\t\t<a href=\"https:\/\/woodhouse.ee\/et\/woodhouse-project\/lef-network-to-china\/\">\n\t\t\t\t\t\t\t\t\t<div class=\"about-project__content\">\n\t\t\t\t\t\t\t\t\t\t<h3 class=\"about-project__title\">LEF Network to China<\/h3>\n\t\t\t\t\t\t\t\t\t\t<div class=\"about-project__intro\"><p>LEF Network to China aim is to create an export support network to China: the target industry is wood products with added value. The goal is&#8230;<\/p>\n<\/div>\n\t\t\t\t\t\t\t\t\t\t<div class=\"btn btn--dark\">Vaata l\u00e4hemalt<\/div>\n\t\t\t\t\t\t\t\t\t<\/div>\n\t\t\t\t\t\t\t\t<\/a>\n\t\t\t\t\t\t\t<\/article>\n\t\t\t\t\t\t\t\t\t\t\t\t\t\t\t\t\t\t\t\t<article class=\"about-project\">\n\t\t\t\t\t\t\t\t<a href=\"https:\/\/woodhouse.ee\/et\/woodhouse-project\/hitimber\/\">\n\t\t\t\t\t\t\t\t\t<div class=\"about-project__content\">\n\t\t\t\t\t\t\t\t\t\t<h3 class=\"about-project__title\">HiTimber<\/h3>\n\t\t\t\t\t\t\t\t\t\t<div class=\"about-project__intro\"><p>The wider objective of this project is to develop a trans-disciplinary and international course\/ elective element in the EU HEIs in the design, construction and management of sustainable high-rise timber buildings<\/p>\n<\/div>\n\t\t\t\t\t\t\t\t\t\t<div class=\"btn btn--dark\">Vaata l\u00e4hemalt<\/div>\n\t\t\t\t\t\t\t\t\t<\/div>\n\t\t\t\t\t\t\t\t<\/a>\n\t\t\t\t\t\t\t<\/article>\n\t\t\t\t\t\t\t\t\t\t\t<\/div>\n\t\t\t\t\t\n\t\t\t\t\t\t\t<\/div>\n\t\t<\/div>\n\n    <\/div>\n<\/section>\n<\/div>","protected":false},"excerpt":{"rendered":"","protected":false},"author":1,"featured_media":0,"parent":0,"menu_order":0,"comment_status":"closed","ping_status":"closed","template":"","meta":{"_acf_changed":false,"om_disable_all_campaigns":false,"_monsterinsights_skip_tracking":false,"_monsterinsights_sitenote_active":false,"_monsterinsights_sitenote_note":"","_monsterinsights_sitenote_category":0,"_uf_show_specific_survey":0,"_uf_disable_surveys":false,"footnotes":""},"class_list":["post-1534","page","type-page","status-publish","hentry"],"acf":[],"aioseo_notices":[],"_links":{"self":[{"href":"https:\/\/woodhouse.ee\/et\/wp-json\/wp\/v2\/pages\/1534","targetHints":{"allow":["GET"]}}],"collection":[{"href":"https:\/\/woodhouse.ee\/et\/wp-json\/wp\/v2\/pages"}],"about":[{"href":"https:\/\/woodhouse.ee\/et\/wp-json\/wp\/v2\/types\/page"}],"author":[{"embeddable":true,"href":"https:\/\/woodhouse.ee\/et\/wp-json\/wp\/v2\/users\/1"}],"replies":[{"embeddable":true,"href":"https:\/\/woodhouse.ee\/et\/wp-json\/wp\/v2\/comments?post=1534"}],"version-history":[{"count":37,"href":"https:\/\/woodhouse.ee\/et\/wp-json\/wp\/v2\/pages\/1534\/revisions"}],"predecessor-version":[{"id":8124,"href":"https:\/\/woodhouse.ee\/et\/wp-json\/wp\/v2\/pages\/1534\/revisions\/8124"}],"wp:attachment":[{"href":"https:\/\/woodhouse.ee\/et\/wp-json\/wp\/v2\/media?parent=1534"}],"curies":[{"name":"wp","href":"https:\/\/api.w.org\/{rel}","templated":true}]}}