{"id":1530,"date":"2022-04-06T13:37:27","date_gmt":"2022-04-06T13:37:27","guid":{"rendered":"https:\/\/woodhouse.ee\/why-wood\/"},"modified":"2024-06-28T08:53:36","modified_gmt":"2024-06-28T08:53:36","slug":"why-wood","status":"publish","type":"page","link":"https:\/\/woodhouse.ee\/et\/why-wood\/","title":{"rendered":"Puidu eelised"},"content":{"rendered":"<div class=\"lazyblock-hero-Z1AOI7T align  wp-block-lazyblock-hero\">\n<section class=\"hero\" style=\"background-image:url('https:\/\/woodhouse.ee\/wp-content\/uploads\/2022\/04\/slide-3.jpg')\">\n    <div class=\"l-container hero__container\">\n        <h1>Puit on tuleviku ehitusmaterjal<\/h1>\n    \t\n\t\t\t\t\t<div class=\"hero__content\">\n\t\t\t\tS\u00e4\u00e4stva metsandusega koosk\u00f5las saab puidust tuleviku k\u00f5ige olulisem ehitusmaterjal.\n\t\t\t<\/div>\n\t\t    <\/div>\n    <\/section>\n<\/div>\n\n<div class=\"lazyblock-info-with-image-Z8JSuC align  wp-block-lazyblock-info-with-image\">\n<section class=\"info-w-image\">\n    <div class=\"l-container info-w-image__container\">\n\t\t<div class=\"info-w-image__content\">\n\t\t\t<p>Inimesed on puid ehituseks kasutanud juba eelajaloost saadik. Tehnoloogia areng on viimase 30 aasta jooksul on muutnud puidu traditsioonilisest ehitusmaterjalist k\u00f5ige uuenduslikumaks.<\/p><p>Erinevad masspuittooted ja t\u00f6\u00f6stusliku ehituse protsessid v\u00f5imaldavad ehitada k\u00f5rgemaid, turvalisemaid ja t\u00f5husamaid hooneid, mis on tervislikud ja ilusad. Kui j\u00e4lgida kogu hoone eluts\u00fcklit, siis on puit k\u00f5ige s\u00e4\u00e4stvam materjalivalik.<\/p>\t\t<\/div>\n\t\t<div class=\"info-w-image__image\">\n\t\t\t<img decoding=\"async\" src=\"https:\/\/woodhouse.ee\/wp-content\/uploads\/2022\/05\/Rectangle-4573.png\" alt=\"\">\n\t\t<\/div>\n    <\/div>\n<\/section>\n<\/div>\n\n<div class=\"lazyblock-future-proof-ZA4qHN align  wp-block-lazyblock-future-proof\">\n<section class=\"future-proof media-tiles\">\n    <div class=\"l-container\">\n\t\t<div class=\"media-tiles__title\">\n\t\t\tMiks on puit tulevikukindel?\t\t<\/div>\n\t\t<div class=\"media-tiles__wrapper\">\n\t\t\t\n\t\t\t\t                \t<a href=\"https:\/\/woodhouse.ee\/et\/lugemist\/\" class=\"media-tiles__tile\">\n\t\t\t\t\t\t\t\t\t\t\t\t\t\t\t<div class=\"media-tiles__tile-bg\"><img decoding=\"async\" src=\"https:\/\/woodhouse.ee\/wp-content\/uploads\/2022\/05\/sustainable.png\" alt=\"\"><\/div>\n\t\t\t\t\t\t\t\t\t\t<div class=\"media-tiles__tile-title\">\n\t\t\t\t\t\t\t\t\t\t\t\tJ\u00e4tkusuutlik\t\t\t\t\t<\/div>\n\t\t\t\t\t\t\t\t\t\t\t<div class=\"media-tiles__tile-content\">\n\t\t\t\t\t\t\t\n\t\t\t\t\t\t\t<div>Puit on ainus taastuv ja s\u00fcsinikuneutraalne ehitusmaterjal. Puitmaju saab ehitada v\u00e4iksema energiakuluga ja need seovad CO2.<\/div>\n\n\t\t\t\t\t\t\t\t\t\t\t\t\t\t\t<div><div class=\"media-tiles__tile-cta btn\">Loe l\u00e4hemalt<\/div><\/div>\n\t\t\t\t\t\t\t\t\t\t\t\t\t<\/div>\n\t\t\t\t\t\t\t\t\t\t\t\t\t\t                \t<\/a>\n\t\t\t\t            \n\t\t\t\t                \t<a href=\"https:\/\/woodhouse.ee\/et\/lugemist\/\" class=\"media-tiles__tile\">\n\t\t\t\t\t\t\t\t\t\t\t\t\t\t\t<div class=\"media-tiles__tile-bg\"><img decoding=\"async\" src=\"https:\/\/woodhouse.ee\/wp-content\/uploads\/2022\/05\/safe.png\" alt=\"\"><\/div>\n\t\t\t\t\t\t\t\t\t\t<div class=\"media-tiles__tile-title\">\n\t\t\t\t\t\t\t\t\t\t\t\tOhutu\t\t\t\t\t<\/div>\n\t\t\t\t\t\t\t\t\t\t\t<div class=\"media-tiles__tile-content\">\n\t\t\t\t\t\t\t\n\t\t\t\t\t\t\t<div>Kaasaegsed puitmajad vastavad k\u00f5rgeimatele tuleohutuse ja heliisolatsiooni standarditele. Lisaks tagavad nad tervisliku elukeskkonna.<\/div>\n\n\t\t\t\t\t\t\t\t\t\t\t\t\t\t\t<div><div class=\"media-tiles__tile-cta btn\">Loe l\u00e4hemalt<\/div><\/div>\n\t\t\t\t\t\t\t\t\t\t\t\t\t<\/div>\n\t\t\t\t\t\t\t\t\t\t\t\t\t\t                \t<\/a>\n\t\t\t\t            \n\t\t\t\t                \t<a href=\"https:\/\/woodhouse.ee\/et\/lugemist\/\" class=\"media-tiles__tile\">\n\t\t\t\t\t\t\t\t\t\t\t\t\t\t\t<div class=\"media-tiles__tile-bg\"><img decoding=\"async\" src=\"https:\/\/woodhouse.ee\/wp-content\/uploads\/2022\/05\/stylish.png\" alt=\"\"><\/div>\n\t\t\t\t\t\t\t\t\t\t<div class=\"media-tiles__tile-title\">\n\t\t\t\t\t\t\t\t\t\t\t\tStiilne\t\t\t\t\t<\/div>\n\t\t\t\t\t\t\t\t\t\t\t<div class=\"media-tiles__tile-content\">\n\t\t\t\t\t\t\t\n\t\t\t\t\t\t\t<div>Pole kahtlust \u2013 puit lihtsalt n\u00e4eb hea v\u00e4lja. See materjal pakub l\u00f5putuid v\u00f5imalusi unikaalsete ruumikogemuste kujundamiseks.<\/div>\n\n\t\t\t\t\t\t\t\t\t\t\t\t\t\t\t<div><div class=\"media-tiles__tile-cta btn\">Loe l\u00e4hemalt<\/div><\/div>\n\t\t\t\t\t\t\t\t\t\t\t\t\t<\/div>\n\t\t\t\t\t\t\t\t\t\t\t\t\t\t                \t<\/a>\n\t\t\t\t            \n\t\t\t\t                \t<a href=\"https:\/\/woodhouse.ee\/et\/lugemist\/\" class=\"media-tiles__tile\">\n\t\t\t\t\t\t\t\t\t\t\t\t\t\t\t<div class=\"media-tiles__tile-bg\"><img decoding=\"async\" src=\"https:\/\/woodhouse.ee\/wp-content\/uploads\/2022\/05\/sensible.png\" alt=\"\"><\/div>\n\t\t\t\t\t\t\t\t\t\t<div class=\"media-tiles__tile-title\">\n\t\t\t\t\t\t\t\t\t\t\t\tM\u00f5istlik\t\t\t\t\t<\/div>\n\t\t\t\t\t\t\t\t\t\t\t<div class=\"media-tiles__tile-content\">\n\t\t\t\t\t\t\t\n\t\t\t\t\t\t\t<div>Tehases ehitatud puitmajad tagavad k\u00f5rgeima ehituskvaliteedi, on kergemad transportida ja t\u00f5husamad p\u00fcstitada.<\/div>\n\n\t\t\t\t\t\t\t\t\t\t\t\t\t\t\t<div><div class=\"media-tiles__tile-cta btn\">Loe l\u00e4hemalt<\/div><\/div>\n\t\t\t\t\t\t\t\t\t\t\t\t\t<\/div>\n\t\t\t\t\t\t\t\t\t\t\t\t\t\t                \t<\/a>\n\t\t\t\t            \t\t<\/div>\n    <\/div>\n<\/section>\n<\/div>\n\n<div class=\"lazyblock-climate-goals-Z2bCUqR align  wp-block-lazyblock-climate-goals\">\n<section class=\"stat-list\">\n    <div class=\"l-container\">\n                \t<h2 class=\"stat-list__title\">Puit sobib h\u00e4sti kliimaeesm\u00e4rkide saavutamiseks<\/h2>\n                            <div class=\"stat-list__intro\">Puitu on meeldiv katsuda ja vaadata, kuid see on ka taastuv ja energias\u00e4\u00e4stlik. Puidu keskkonnas\u00f5bralikkus ehitusmaterjalina on teaduslikult t\u00f5estatud.<\/div>\n                <div class=\"stat-list__stats\">\n                                        <div class=\"stat stat--fullcolor-1\">\n                    <div class=\"stat__title\">1 min<\/div>\n                    <div class=\"stat__desc\">&#8211; \u00fchepereelamuks vaja mineva puidukoguse tagasikasvamise aeg <\/div>\n                <\/div>\n                            <div class=\"stat \">\n                    <div class=\"stat__title\">2\/3<\/div>\n                    <div class=\"stat__desc\">hoonete CO2 heitest tuleneb ehitamisest ja lammutamisest<\/div>\n                <\/div>\n                            <div class=\"stat stat--fullcolor-6\">\n                    <div class=\"stat__title\">1\/3<\/div>\n                    <div class=\"stat__desc\">v\u00e4hem aega kulub puithoone p\u00fcstitamiseks<\/div>\n                <\/div>\n                            <div class=\"stat \">\n                    <div class=\"stat__title\">1 tonn<\/div>\n                    <div class=\"stat__desc\">CO2 seotakse igas tihumeetris puidus<\/div>\n                <\/div>\n                    <\/div>\n    <\/div>\n<\/section>\n<\/div>\n\n<div class=\"lazyblock-advantages-2lpaz4 align  wp-block-lazyblock-advantages\">\n<section class=\"icon-list\">\n    <div class=\"l-container\">\n        <h2 class=\"icon-list__title\">Tehasemaja eelised<\/h2>\n        <div class=\"icon-list__items\">\n                            <div class=\"icon-list__item\">\n                    <div class=\"icon-list__icon\"><img decoding=\"async\" src=\"https:\/\/woodhouse.ee\/wp-content\/uploads\/2022\/04\/prefab-1.svg\" alt=\"\"><\/div>\n                    <div class=\"icon-list__desc\">Sertifitseeritud materjalide kasutamine ja kontrollitud tootmisprotsess sisetingimustes tagab k\u00f5rge kvaliteedi.<\/div>\n                <\/div>\n                            <div class=\"icon-list__item\">\n                    <div class=\"icon-list__icon\"><img decoding=\"async\" src=\"https:\/\/woodhouse.ee\/wp-content\/uploads\/2022\/04\/prefab-2.svg\" alt=\"\"><\/div>\n                    <div class=\"icon-list__desc\">Tehasemaja p\u00fcstitamine on kiire ja t\u00f5hus ning ilmastikust tulenevad negatiivsed m\u00f5jud on viidud miinimumini.<\/div>\n                <\/div>\n                            <div class=\"icon-list__item\">\n                    <div class=\"icon-list__icon\"><img decoding=\"async\" src=\"https:\/\/woodhouse.ee\/wp-content\/uploads\/2022\/04\/prefab-3.svg\" alt=\"\"><\/div>\n                    <div class=\"icon-list__desc\">Maju toodavad ja ehitavad k\u00f5rgelt kvalifitseeritud spetsialistid, kellel on suured kogemused.<\/div>\n                <\/div>\n                            <div class=\"icon-list__item\">\n                    <div class=\"icon-list__icon\"><img decoding=\"async\" src=\"https:\/\/woodhouse.ee\/wp-content\/uploads\/2022\/04\/prefab-4.svg\" alt=\"\"><\/div>\n                    <div class=\"icon-list__desc\">Korralik dokumentatsioon tagab t\u00f5husa protsessi ja v\u00e4ldib v\u00f5imalikke probleeme tulevikus.<\/div>\n                <\/div>\n                    <\/div>\n    <\/div>\n<\/section>\n<\/div>\n\n<div class=\"lazyblock-project-slider-qHgVo align  wp-block-lazyblock-project-slider\">\n<section class=\"project-slider splide\">\n    <div class=\"splide__arrows\">\n        <button class=\"splide__arrow splide__arrow--prev\">\n            <svg fill=\"none\" height=\"45\" viewBox=\"0 0 22 45\" width=\"22\" xmlns=\"http:\/\/www.w3.org\/2000\/svg\"><path clip-rule=\"evenodd\" d=\"m21.7651.878174c-12.02054 0-21.7651 9.744526-21.7651 21.765026 0 12.0206 9.74456 21.7651 21.7651 21.7651z\" fill=\"#fff\" fill-opacity=\".6\" fill-rule=\"evenodd\"\/><path d=\"m10.4543 17.2199c-.3004.3003-.3004.7873 0 1.0876l4.0706 4.0707-4.0706 4.0706c-.3004.3004-.3004.7873 0 1.0876.3003.3004.7873.3004 1.0876 0l4.6145-4.6144c.3003-.3004.3003-.7873 0-1.0877l-4.6145-4.6144c-.3003-.3004-.7873-.3004-1.0876 0z\" fill=\"#323334\"\/><\/svg>        <\/button>\n        <button class=\"splide__arrow splide__arrow--next\">\n            <svg fill=\"none\" height=\"45\" viewBox=\"0 0 22 45\" width=\"22\" xmlns=\"http:\/\/www.w3.org\/2000\/svg\"><path clip-rule=\"evenodd\" d=\"m21.7651.878174c-12.02054 0-21.7651 9.744526-21.7651 21.765026 0 12.0206 9.74456 21.7651 21.7651 21.7651z\" fill=\"#fff\" fill-opacity=\".6\" fill-rule=\"evenodd\"\/><path d=\"m10.4543 17.2199c-.3004.3003-.3004.7873 0 1.0876l4.0706 4.0707-4.0706 4.0706c-.3004.3004-.3004.7873 0 1.0876.3003.3004.7873.3004 1.0876 0l4.6145-4.6144c.3003-.3004.3003-.7873 0-1.0877l-4.6145-4.6144c-.3003-.3004-.7873-.3004-1.0876 0z\" fill=\"#323334\"\/><\/svg>        <\/button>\n    <\/div>\n    <div class=\"splide__track\">\n        <div class=\"splide__list\">\n                            <div class=\"project-slider__slide splide__slide\">\n                    <img decoding=\"async\" src=\"https:\/\/woodhouse.ee\/wp-content\/uploads\/2022\/04\/arc-2.jpg\" alt=\"\">\n                    <div class=\"project-slider__slide-info\">\n                        <h4>Referentsid<\/h4>\n                        <h2>Arcwood office and production facility<\/h2>\n                        <a href=\"https:\/\/woodhouse.ee\/project\/arcwood-office\/\" class=\"btn\">Vaata l\u00e4hemalt<\/a>\n                    <\/div>\n                <\/div>\n                            <div class=\"project-slider__slide splide__slide\">\n                    <img decoding=\"async\" src=\"https:\/\/woodhouse.ee\/wp-content\/uploads\/2022\/04\/hels-2.jpg\" alt=\"\">\n                    <div class=\"project-slider__slide-info\">\n                        <h4>Highlights<\/h4>\n                        <h2>Helsinki Library Oodi<\/h2>\n                        <a href=\"https:\/\/woodhouse.ee\/project\/helsinki-library-oodi\/\" class=\"btn\">Vaata l\u00e4hemalt<\/a>\n                    <\/div>\n                <\/div>\n                            <div class=\"project-slider__slide splide__slide\">\n                    <img decoding=\"async\" src=\"https:\/\/woodhouse.ee\/wp-content\/uploads\/2022\/04\/treet-1.jpg\" alt=\"\">\n                    <div class=\"project-slider__slide-info\">\n                        <h4>Highlights<\/h4>\n                        <h2>Treet<\/h2>\n                        <a href=\"https:\/\/woodhouse.ee\/project\/treet\/\" class=\"btn\">Vaata l\u00e4hemalt<\/a>\n                    <\/div>\n                <\/div>\n                    <\/div>\n    <\/div>\n<\/section>\n<\/div>","protected":false},"excerpt":{"rendered":"","protected":false},"author":1,"featured_media":0,"parent":0,"menu_order":0,"comment_status":"closed","ping_status":"closed","template":"","meta":{"_acf_changed":false,"om_disable_all_campaigns":false,"_monsterinsights_skip_tracking":false,"_monsterinsights_sitenote_active":false,"_monsterinsights_sitenote_note":"","_monsterinsights_sitenote_category":0,"_uf_show_specific_survey":0,"_uf_disable_surveys":false,"footnotes":""},"class_list":["post-1530","page","type-page","status-publish","hentry"],"acf":[],"aioseo_notices":[],"_links":{"self":[{"href":"https:\/\/woodhouse.ee\/et\/wp-json\/wp\/v2\/pages\/1530","targetHints":{"allow":["GET"]}}],"collection":[{"href":"https:\/\/woodhouse.ee\/et\/wp-json\/wp\/v2\/pages"}],"about":[{"href":"https:\/\/woodhouse.ee\/et\/wp-json\/wp\/v2\/types\/page"}],"author":[{"embeddable":true,"href":"https:\/\/woodhouse.ee\/et\/wp-json\/wp\/v2\/users\/1"}],"replies":[{"embeddable":true,"href":"https:\/\/woodhouse.ee\/et\/wp-json\/wp\/v2\/comments?post=1530"}],"version-history":[{"count":11,"href":"https:\/\/woodhouse.ee\/et\/wp-json\/wp\/v2\/pages\/1530\/revisions"}],"predecessor-version":[{"id":5857,"href":"https:\/\/woodhouse.ee\/et\/wp-json\/wp\/v2\/pages\/1530\/revisions\/5857"}],"wp:attachment":[{"href":"https:\/\/woodhouse.ee\/et\/wp-json\/wp\/v2\/media?parent=1530"}],"curies":[{"name":"wp","href":"https:\/\/api.w.org\/{rel}","templated":true}]}}